{"id":1685,"date":"2021-04-01T19:12:01","date_gmt":"2021-04-01T19:12:01","guid":{"rendered":"http:\/\/gundogdultd.com.tr\/?page_id=1685"},"modified":"2021-04-06T12:59:01","modified_gmt":"2021-04-06T12:59:01","slug":"aydinlatma-metni","status":"publish","type":"page","link":"https:\/\/gundogdultd.com.tr\/en\/aydinlatma-metni\/","title":{"rendered":"Ayd\u0131nlatma Metni"},"content":{"rendered":"<div class=\"bt_bb_wrapper\"><section id=\"bt_bb_section69f369d16317d\"  class=\"bt_bb_section bt_bb_top_spacing_100 bt_bb_layout_wide bt_bb_vertical_align_top bt_bb_section_allow_content_outside\" ><div class=\"bt_bb_port\"><div class=\"bt_bb_cell\"><div class=\"bt_bb_cell_inner\"><div class=\"bt_bb_row_wrapper bt_bb_row_width_boxed_1200 bt_bb_row_push_right bt_bb_content_wide\"><div  class=\"bt_bb_row\" ><div  class=\"bt_bb_column col-xl-12 col-xs-12 col-sm-12 col-md-12 col-lg-12 bt_bb_align_left bt_bb_vertical_align_middle bt_bb_padding_normal\"  data-width=\"12\" data-bt-override-class=\"{}\"><div class=\"bt_bb_column_content\"><div class=\"bt_bb_column_content_inner\"><div class=\"bt_bb_separator bt_bb_bottom_spacing_50 bt_bb_border_style_none\"><\/div><header class=\"bt_bb_headline bt_bb_dash_none bt_bb_size_large bt_bb_align_center\" data-bt-override-class=\"{&quot;bt_bb_size_&quot;:{&quot;current_class&quot;:&quot;bt_bb_size_large&quot;,&quot;xl&quot;:&quot;large&quot;},&quot;bt_bb_align_&quot;:{&quot;current_class&quot;:&quot;bt_bb_align_center&quot;,&quot;xl&quot;:&quot;center&quot;}}\"><h2 class=\"bt_bb_headline_tag\"><span class=\"bt_bb_headline_content\"><span>6698 SAYILI K\u0130\u015e\u0130SEL VER\u0130LER\u0130N KORUNMASI KANUNU UYARINCA<br \/>\r\nK\u0130\u015e\u0130SEL VER\u0130LER\u0130N KORUNMASINA Y\u00d6NEL\u0130K<br \/>\r\nWEB S\u0130TES\u0130 <u> AYDINLATMA METN\u0130<\/u><\/span><\/span><\/h2><\/header><div class=\"bt_bb_separator bt_bb_bottom_spacing_30 bt_bb_border_style_none\"><\/div><div  class=\"bt_bb_text\" ><p>G\u00fcndo\u011fdu \u0130n\u015faat Makina Turizm San. ve Tic. Ltd. \u015eti. (\u201c\u015eirket\u201d, \u201cbiz\u201d) olarak web sitesi ziyaret\u00e7ilerimizin ki\u015fisel verilerinin g\u00fcvenli\u011fi hususuna azami \u00f6l\u00e7\u00fcde hassasiyet g\u00f6stermekteyiz. Bu bilin\u00e7le, \u015eirketimiz ile ili\u015fkili t\u00fcm \u015fah\u0131slara ait ki\u015fisel veri niteli\u011finde addedilen bilgilerin 6698 say\u0131l\u0131 Ki\u015fisel Verilerin Korunmas\u0131 Kanunu (\u201cKVK Kanunu\u201d)\u2019na uygun olarak i\u015flenerek, muhafaza edilmesine b\u00fcy\u00fck \u00f6nem atfetmekteyiz.<\/p>\n<p>Duruma g\u00f6re a\u015fa\u011f\u0131da belirtilen \u015fekillerde elde etti\u011fimiz ki\u015fisel verilerinizin, 6698 Say\u0131l\u0131 Ki\u015fisel Verilerin Korunmas\u0131 Kanunu (\u201cKVKK\u201d)\u2019na uygun olarak, toplanmas\u0131, saklanmas\u0131, aktar\u0131lmas\u0131 da dahil ancak bunlarla s\u0131n\u0131rl\u0131 olmaks\u0131z\u0131n i\u015flenmesi ve s\u00f6z konusu i\u015flemenin amac\u0131 ile ilgili olarak sizi bilgilendirmek istiyoruz.<\/p>\n<p>Ki\u015fisel verilerinizi, \u00c7erez Politikam\u0131zda belirtti\u011fimiz \u015fekil ve esaslarla (<a href=\"http:\/\/gundogdultd.com.tr\/cerez-politikamiz\/\">\u00c7erez Politikam\u0131za linke t\u0131klayarak<\/a> ula\u015fabilirsiniz); ileti\u015fim veya bizlere ula\u015fabilece\u011finiz sayfalar\u0131m\u0131z arac\u0131l\u0131\u011f\u0131yla ki\u015fisel verilerinizi bizlerle payla\u015fman\u0131z halinde ilgili sayfadaki hizmetlerimizin kullan\u0131labilmesi amac\u0131yla 6698 Say\u0131l\u0131 Ki\u015fisel Verilerin Korunmas\u0131 Kanunu ve ikincil mevzuatlara uygun olarak toplamaktay\u0131z.<\/p>\n<p>Web sitemizdeki ileti\u015fim b\u00f6l\u00fcm\u00fcm\u00fcz bizlere \u00f6neri, g\u00f6r\u00fc\u015f, dilek ve temenni gibi mesaj ve ihbarlar\u0131n\u0131z\u0131 iletmeniz i\u00e7in bulunmakta olup, payla\u015f\u0131lmas\u0131 sizlerin inisiyatifinizde olup da payla\u015fmay\u0131 tercih etti\u011finiz ki\u015fisel verilerinizi yaln\u0131zca bahsi ge\u00e7en mesaj\u0131n i\u00e7eri\u011finden toplamakta ve yaln\u0131zca gerekmesi halinde sizlere tekrar ula\u015fabilmek, m\u00fcmk\u00fcnse taleplerinizin yerine getirilmesi ve hukuki y\u00fck\u00fcml\u00fcl\u00fcklerimizin yerine getirilmesi ama\u00e7lar\u0131yla s\u0131n\u0131rl\u0131 olarak toplamakta, kullanmakta ve yasal s\u00fcrelere sad\u0131k kalarak veya \u015fartlar\u0131n\u0131 sa\u011flamas\u0131 durumunda \u015firketimizin uygulamalar\u0131 ve sekt\u00f6r\u00fcn team\u00fclleri uyar\u0131nca saklanmas\u0131n\u0131 gerektirecek s\u00fcre kadar muhafaza etmekteyiz.<\/p>\n<p>\u015eirketimiz yukar\u0131da bahsedilen ama\u00e7lar dahilinde toplanan ki\u015fisel verilerinizi kendi uhdesinde kullanmakta ve bulundurmaktad\u0131r. Sizlerin verilerin aktar\u0131lmas\u0131 konusunda do\u011frudan talimat\u0131 bulunmas\u0131 veya \u015firketimizin faaliyetlerinin bir par\u00e7as\u0131 olmas\u0131 durumlar\u0131 haricinde ki\u015fisel verileriniz ancak 6698 Say\u0131l\u0131 Ki\u015fisel Verilerin Korunmas\u0131 Kanunu\u2019nun 4 \u00fcnc\u00fc maddesinde yer alan genel prensiplere de ba\u011fl\u0131 kal\u0131narak KVKK m. 5\/2 ve 6\/3 istisnalar\u0131na dayan\u0131larak aktar\u0131labilir.<\/p>\n<p>Ki\u015fisel Verilerin Korunmas\u0131 Kanunu uyar\u0131nca, veri sorumlusuna ba\u015fvurarak:<br \/>\n\u2022 Kendiniz ile ilgili ki\u015fisel veri i\u015flenip i\u015flenmedi\u011fini \u00f6\u011frenme,<br \/>\n\u2022 Ki\u015fisel verileri i\u015flenmi\u015fse buna ili\u015fkin bilgi talep etme,<br \/>\n\u2022 Ki\u015fisel verilerin i\u015flenme amac\u0131n\u0131 ve bunlar\u0131n amac\u0131na uygun kullan\u0131l\u0131p kullan\u0131lmad\u0131\u011f\u0131n\u0131 \u00f6\u011frenme,<br \/>\n\u2022 Yurt i\u00e7inde veya varsa yurt d\u0131\u015f\u0131nda ki\u015fisel verilerin aktar\u0131ld\u0131\u011f\u0131 \u00fc\u00e7\u00fcnc\u00fc ki\u015fileri bilme,<br \/>\n\u2022 Ki\u015fisel verilerin eksik veya yanl\u0131\u015f i\u015flenmi\u015f olmas\u0131 halinde bunlar\u0131n d\u00fczeltilmesini isteme,<br \/>\n\u2022 \u0130\u015flemeyi gerektiren sebeplerin ortadan kalkmas\u0131 halinde ki\u015fisel verilerin silinmesini veya yok edilmesini isteme, d\u00fczeltilmesi\/silinmesi\/yok edilmesi\/anonim hale getirilmesi hallerinde d\u00fczeltme veya silme\/yok etme\/anonim hale getirme i\u015flemlerinin ki\u015fisel verilerin aktar\u0131ld\u0131\u011f\u0131 \u00fc\u00e7\u00fcnc\u00fc ki\u015filere bildirilmesini isteme,<br \/>\n\u2022 \u0130\u015flenen verilerin m\u00fcnhas\u0131ran otomatik sistemler vas\u0131tas\u0131yla analiz edilmesi suretiyle ki\u015finin kendisi aleyhine bir sonucun ortaya \u00e7\u0131kmas\u0131na itiraz etme,<br \/>\n\u2022 Ki\u015fisel verilerin mevzuata ayk\u0131r\u0131 olarak i\u015flenmesi sebebiyle zarara u\u011framan\u0131z halinde zarar\u0131n giderilmesini talep etme haklar\u0131na sahipsiniz.<\/p>\n<p>Bu haklar\u0131n\u0131z\u0131n kullan\u0131m\u0131 ve talepleriniz i\u00e7in kimli\u011finizin do\u011frulanmas\u0131 \u015fart\u0131yla yaz\u0131l\u0131 olarak bizzat Ferhatpa\u015fa Mah. 14. Sok. No:69\/1 Ata\u015fehir \u0130stanbul adresine, kay\u0131tl\u0131 elektronik posta (KEP) adresimize (gundogduinsaatmakina@hs01.kep.tr) , e-posta adresimize (gundogdu@gundogdultd.com.tr) g\u00fcvenli elektronik imza, mobil imza ya da bize daha \u00f6nce bildirdi\u011finiz ve kay\u0131tlar\u0131m\u0131zda yer alan elektronik posta adresinizi kullanman\u0131z suretiyle veya ba\u015fvuru amac\u0131na y\u00f6nelik geli\u015ftirilmi\u015f web sitemizdeki ba\u015fvuru formunu doldurarak iletebilirsiniz.<\/p>\n<p>Ba\u015fvurunuz halinde, de\u011ferlendirmelerimizin tamam\u0131 KVKK\u2019da \u00f6ng\u00f6r\u00fclen ilgili h\u00fck\u00fcmler do\u011frultusunda yap\u0131lacak olup, ba\u015fvurucunun do\u011fru ki\u015fi oldu\u011funun teyit edilmesi amac\u0131yla \u015firketimiz sizden baz\u0131 do\u011frulay\u0131c\u0131 bilgiler talep edebilecektir; bu kapsamda istenebilecek bilgilerin tamam\u0131 sadece ger\u00e7ek veri sahibinin kim oldu\u011funun tespiti ve ba\u015fvurunun sonu\u00e7lar\u0131n\u0131n do\u011fru ki\u015fi ile payla\u015f\u0131lmas\u0131 ad\u0131na talep edilecektir.<\/p>\n<p>Veri Sorumlusuna Ba\u015fvuru Usul ve Esaslar\u0131 Hakk\u0131nda Tebli\u011f uyar\u0131nca ba\u015fvurular T\u00fcrk\u00e7e yap\u0131lmal\u0131d\u0131r ve talebinize yaz\u0131l\u0131 olarak cevap verilecek ise, on sayfaya kadar bu i\u015flem i\u00e7in \u00fccret talep edilmeyecek; on sayfay\u0131 ge\u00e7en her sayfa i\u00e7in ise 1 T\u00fcrk Liras\u0131 i\u015flem \u00fccreti al\u0131nabilecektir.<\/p>\n<p>Ayd\u0131nlatma metnimiz veya ki\u015fisel verilerin korunmas\u0131 ile ilgili metinlerimizde de\u011fi\u015fikliklerin ya\u015fanmas\u0131 halinde misalen y\u00fcr\u00fcrl\u00fc\u011fe yeni giren yasal gereklilikleri yerine getirmek ad\u0131na gerekti\u011finde de\u011fi\u015fiklikler yap\u0131labilecektir. B\u00f6yle bir durumda i\u015fbu metin web sitemizde en g\u00fcncel haliyle yeniden ilan edilecektir.<\/p>\n<\/div><div class=\"bt_bb_separator bt_bb_bottom_spacing_50 bt_bb_border_style_none\"><\/div><div class=\"bt_bb_separator bt_bb_bottom_spacing_50 bt_bb_border_style_none bt_bb_hidden_xs bt_bb_hidden_ms bt_bb_hidden_sm\"><\/div><\/div><\/div><\/div><\/div><\/div><\/div><\/div><\/div><\/section><\/div>","protected":false},"excerpt":{"rendered":"","protected":false},"author":1,"featured_media":759,"parent":0,"menu_order":0,"comment_status":"closed","ping_status":"closed","template":"","meta":[],"_links":{"self":[{"href":"https:\/\/gundogdultd.com.tr\/en\/wp-json\/wp\/v2\/pages\/1685"}],"collection":[{"href":"https:\/\/gundogdultd.com.tr\/en\/wp-json\/wp\/v2\/pages"}],"about":[{"href":"https:\/\/gundogdultd.com.tr\/en\/wp-json\/wp\/v2\/types\/page"}],"author":[{"embeddable":true,"href":"https:\/\/gundogdultd.com.tr\/en\/wp-json\/wp\/v2\/users\/1"}],"replies":[{"embeddable":true,"href":"https:\/\/gundogdultd.com.tr\/en\/wp-json\/wp\/v2\/comments?post=1685"}],"version-history":[{"count":5,"href":"https:\/\/gundogdultd.com.tr\/en\/wp-json\/wp\/v2\/pages\/1685\/revisions"}],"predecessor-version":[{"id":1749,"href":"https:\/\/gundogdultd.com.tr\/en\/wp-json\/wp\/v2\/pages\/1685\/revisions\/1749"}],"wp:featuredmedia":[{"embeddable":true,"href":"https:\/\/gundogdultd.com.tr\/en\/wp-json\/wp\/v2\/media\/759"}],"wp:attachment":[{"href":"https:\/\/gundogdultd.com.tr\/en\/wp-json\/wp\/v2\/media?parent=1685"}],"curies":[{"name":"wp","href":"https:\/\/api.w.org\/{rel}","templated":true}]}}