{"id":1519,"date":"2021-03-25T09:48:28","date_gmt":"2021-03-25T09:48:28","guid":{"rendered":"http:\/\/gundogdultd.com.tr\/?page_id=1519"},"modified":"2021-04-07T10:04:41","modified_gmt":"2021-04-07T10:04:41","slug":"setif-tramvay-hatti","status":"publish","type":"page","link":"https:\/\/gundogdultd.com.tr\/en\/setif-tramvay-hatti\/","title":{"rendered":"Setif Tramvay Hatt\u0131"},"content":{"rendered":"<div class=\"bt_bb_wrapper\"><section id=\"bt_bb_section69e30a0650f66\"  data-background_image_src=\"'https:\/\/gundogdultd.com.tr\/wp-content\/uploads\/2021\/03\/setif-kapak.jpg'\" class=\"bt_bb_section bt_bb_top_spacing_large bt_bb_bottom_spacing_extra_large bt_bb_color_scheme_1 bt_bb_layout_boxed_1200 bt_bb_vertical_align_top btLazyLoadBackground bt_bb_background_image bt_bb_section_allow_content_outside bt_bb_section_with_bottom_coverage_image\" style=\"background-image:url(&#039;https:\/\/gundogdultd.com.tr\/wp-content\/plugins\/bold-page-builder\/img\/blank.gif&#039;);;background-color:#ffffff;\"><div class=\"bt_bb_port\"><div class=\"bt_bb_cell\"><div class=\"bt_bb_cell_inner\"><div class=\"bt_bb_row_wrapper\"><div  class=\"bt_bb_row\" ><div  class=\"bt_bb_column col-xl-12 col-xs-12 col-sm-12 col-md-12 col-lg-12 bt_bb_align_left bt_bb_vertical_align_top bt_bb_padding_normal\"  data-width=\"12\" data-bt-override-class=\"{}\"><div class=\"bt_bb_column_content\"><div class=\"bt_bb_column_content_inner\"><header class=\"bt_bb_headline bt_bb_dash_top bt_bb_size_extralarge bt_bb_align_inherit\" data-bt-override-class=\"{&quot;bt_bb_size_&quot;:{&quot;current_class&quot;:&quot;bt_bb_size_extralarge&quot;,&quot;xl&quot;:&quot;extralarge&quot;},&quot;bt_bb_align_&quot;:{&quot;current_class&quot;:&quot;bt_bb_align_inherit&quot;,&quot;xl&quot;:&quot;inherit&quot;}}\"><h2 class=\"bt_bb_headline_tag\"><span class=\"bt_bb_headline_content\"><span><u>Setif Tramvay Hatt\u0131<\/u> <\/span><\/span><\/h2><\/header><\/div><\/div><\/div><\/div><\/div><\/div><\/div><\/div><div class=\"bt_bb_section_bottom_section_coverage_image\"><img src=\"https:\/\/gundogdultd.com.tr\/wp-content\/uploads\/2020\/09\/gray-curve-bottom-left-tiny.png\" alt=\"bt_bb_section_bottom_section_coverage_image\" \/><\/div><\/section><section id=\"bt_bb_section69e30a065186b\"  class=\"bt_bb_section bt_bb_top_spacing_100 bt_bb_bottom_spacing_100 bt_bb_layout_boxed_1200 bt_bb_vertical_align_top bt_bb_section_allow_content_outside bt_bb_section_with_bottom_coverage_image\" ><div class=\"bt_bb_port\"><div class=\"bt_bb_cell\"><div class=\"bt_bb_cell_inner\"><div class=\"bt_bb_row_wrapper\"><div  class=\"bt_bb_row\" ><div  class=\"bt_bb_column col-xl-4 btInnerRounded bt_bb_align_left bt_bb_vertical_align_top bt_bb_padding_text_indent\"  data-width=\"4\" data-bt-override-class=\"{}\"><div class=\"bt_bb_column_content\" style=\"background-color:rgba(245, 245, 245, 1);\"><div class=\"bt_bb_column_content_inner\"><div class=\"bt_bb_image bt_bb_shape_square bt_bb_align_inherit bt_bb_hover_style_simple bt_bb_content_display_always bt_bb_content_align_middle bt_bb_remove_padding_yes bt_bb_fill_background_color_full\"><span><img src = \"https:\/\/gundogdultd.com.tr\/wp-content\/plugins\/bold-page-builder\/img\/blank.gif\" data-full_image_src=\"https:\/\/gundogdultd.com.tr\/wp-content\/uploads\/2021\/03\/setif_0000_IMG-20161026-WA0008.jpg\" data-image_src=\"https:\/\/gundogdultd.com.tr\/wp-content\/uploads\/2021\/03\/setif_0000_IMG-20161026-WA0008.jpg\" title=\"setif_0000_IMG-20161026-WA0008\" alt=\"https:\/\/gundogdultd.com.tr\/wp-content\/uploads\/2021\/03\/setif_0000_IMG-20161026-WA0008.jpg\" class=\"btLazyLoadImage\"><\/span><\/div><div class=\"bt_bb_separator bt_bb_bottom_spacing_normal bt_bb_border_style_none\"><\/div><header class=\"bt_bb_headline bt_bb_font_weight_900 bt_bb_dash_none bt_bb_size_small bt_bb_align_inherit\" data-bt-override-class=\"{&quot;bt_bb_size_&quot;:{&quot;current_class&quot;:&quot;bt_bb_size_small&quot;,&quot;xl&quot;:&quot;small&quot;},&quot;bt_bb_align_&quot;:{&quot;current_class&quot;:&quot;bt_bb_align_inherit&quot;,&quot;xl&quot;:&quot;inherit&quot;}}\"><h3 class=\"bt_bb_headline_tag\"><span class=\"bt_bb_headline_content\"><span>Proje Hakk\u0131nda<\/span><\/span><\/h3><\/header><div class=\"bt_bb_separator bt_bb_bottom_spacing_normal bt_bb_border_style_none\"><\/div><div class=\"bt_bb_icon bt_bb_color_scheme_7 bt_bb_style_borderless bt_bb_size_small bt_bb_shape_circle bt_bb_align_inherit\" data-bt-override-class=\"{&quot;bt_bb_size_&quot;:{&quot;current_class&quot;:&quot;bt_bb_size_small&quot;,&quot;xl&quot;:&quot;small&quot;},&quot;bt_bb_align_&quot;:{&quot;current_class&quot;:&quot;bt_bb_align_inherit&quot;,&quot;xl&quot;:&quot;inherit&quot;}}\"><span  data-ico-architectureandconstruction=\"&#xe909;\" class=\"bt_bb_icon_holder\"><span>\u0130\u015fveren: YAPI MERKEZ\u0130 \u0130N\u015eAAT A.\u015e. <\/span><\/span><\/div><div class=\"bt_bb_separator bt_bb_bottom_spacing_10 bt_bb_border_style_none\"><\/div><div class=\"bt_bb_icon bt_bb_color_scheme_7 bt_bb_style_borderless bt_bb_size_small bt_bb_shape_circle bt_bb_align_inherit\" data-bt-override-class=\"{&quot;bt_bb_size_&quot;:{&quot;current_class&quot;:&quot;bt_bb_size_small&quot;,&quot;xl&quot;:&quot;small&quot;},&quot;bt_bb_align_&quot;:{&quot;current_class&quot;:&quot;bt_bb_align_inherit&quot;,&quot;xl&quot;:&quot;inherit&quot;}}\"><span  data-ico-fontawesome5solid=\"&#xf3c5;\" class=\"bt_bb_icon_holder\"><span>Cezayir<\/span><\/span><\/div><div class=\"bt_bb_separator bt_bb_bottom_spacing_10 bt_bb_border_style_none\"><\/div><div class=\"bt_bb_icon bt_bb_color_scheme_7 bt_bb_style_borderless bt_bb_size_small bt_bb_shape_circle bt_bb_align_inherit\" data-bt-override-class=\"{&quot;bt_bb_size_&quot;:{&quot;current_class&quot;:&quot;bt_bb_size_small&quot;,&quot;xl&quot;:&quot;small&quot;},&quot;bt_bb_align_&quot;:{&quot;current_class&quot;:&quot;bt_bb_align_inherit&quot;,&quot;xl&quot;:&quot;inherit&quot;}}\"><span  data-ico-icon7stroke=\"&#xe660;\" class=\"bt_bb_icon_holder\"><span>Ba\u015flang\u0131\u00e7 Tarihi: 27.01.2017<\/span><\/span><\/div><div class=\"bt_bb_separator bt_bb_bottom_spacing_10 bt_bb_border_style_none\"><\/div><div class=\"bt_bb_icon bt_bb_color_scheme_7 bt_bb_style_borderless bt_bb_size_small bt_bb_shape_circle bt_bb_align_inherit\" data-bt-override-class=\"{&quot;bt_bb_size_&quot;:{&quot;current_class&quot;:&quot;bt_bb_size_small&quot;,&quot;xl&quot;:&quot;small&quot;},&quot;bt_bb_align_&quot;:{&quot;current_class&quot;:&quot;bt_bb_align_inherit&quot;,&quot;xl&quot;:&quot;inherit&quot;}}\"><span  data-ico-icon7stroke=\"&#xe660;\" class=\"bt_bb_icon_holder\"><span>Biti\u015f Tarihi: 27.03.2019<\/span><\/span><\/div><div class=\"bt_bb_separator bt_bb_bottom_spacing_10 bt_bb_border_style_none\"><\/div><\/div><\/div><\/div><div  class=\"bt_bb_column col-xl-8 bt_bb_align_left bt_bb_vertical_align_top bt_bb_padding_normal\"  data-width=\"8\" data-bt-override-class=\"{}\"><div class=\"bt_bb_column_content\"><div class=\"bt_bb_column_content_inner\"><div class=\"bt_bb_masonry_image_grid bt_bb_grid_container bt_bb_columns_4 bt_bb_gap_normal\" data-columns=\"4\"><div class=\"bt_bb_masonry_post_image_content\" data-columns=\"4\"><div class=\"bt_bb_grid_sizer\"><\/div><div class=\"bt_bb_grid_item bt_bb_tile_format11\" data-hw=\"1\" data-src=\"https:\/\/gundogdultd.com.tr\/wp-content\/uploads\/2021\/03\/setif_0000_IMG-20161026-WA0008.jpg\" data-src-full=\"https:\/\/gundogdultd.com.tr\/wp-content\/uploads\/2021\/03\/setif_0000_IMG-20161026-WA0008.jpg\" data-title=\"setif_0000_IMG-20161026-WA0008\"><div class=\"bt_bb_grid_item_inner\" data-hw=\"1\" ><div class=\"bt_bb_grid_item_inner_image\"><\/div><div class=\"bt_bb_grid_item_inner_content\"><\/div><\/div><\/div><div class=\"bt_bb_grid_item bt_bb_tile_format11\" data-hw=\"1\" data-src=\"https:\/\/gundogdultd.com.tr\/wp-content\/uploads\/2021\/03\/setif_0001_IMG_0563.jpg\" data-src-full=\"https:\/\/gundogdultd.com.tr\/wp-content\/uploads\/2021\/03\/setif_0001_IMG_0563.jpg\" data-title=\"setif_0001_IMG_0563\"><div class=\"bt_bb_grid_item_inner\" data-hw=\"1\" ><div class=\"bt_bb_grid_item_inner_image\"><\/div><div class=\"bt_bb_grid_item_inner_content\"><\/div><\/div><\/div><div class=\"bt_bb_grid_item bt_bb_tile_format11\" data-hw=\"1\" data-src=\"https:\/\/gundogdultd.com.tr\/wp-content\/uploads\/2021\/03\/setif_0002_IMG_0562.jpg\" data-src-full=\"https:\/\/gundogdultd.com.tr\/wp-content\/uploads\/2021\/03\/setif_0002_IMG_0562.jpg\" data-title=\"setif_0002_IMG_0562\"><div class=\"bt_bb_grid_item_inner\" data-hw=\"1\" ><div class=\"bt_bb_grid_item_inner_image\"><\/div><div class=\"bt_bb_grid_item_inner_content\"><\/div><\/div><\/div><div class=\"bt_bb_grid_item bt_bb_tile_format11\" data-hw=\"1\" data-src=\"https:\/\/gundogdultd.com.tr\/wp-content\/uploads\/2021\/03\/setif_0003_IMG_0540.jpg\" data-src-full=\"https:\/\/gundogdultd.com.tr\/wp-content\/uploads\/2021\/03\/setif_0003_IMG_0540.jpg\" data-title=\"setif_0003_IMG_0540\"><div class=\"bt_bb_grid_item_inner\" data-hw=\"1\" ><div class=\"bt_bb_grid_item_inner_image\"><\/div><div class=\"bt_bb_grid_item_inner_content\"><\/div><\/div><\/div><div class=\"bt_bb_grid_item bt_bb_tile_format11\" data-hw=\"1\" data-src=\"https:\/\/gundogdultd.com.tr\/wp-content\/uploads\/2021\/03\/setif_0004_IMG_0539.jpg\" data-src-full=\"https:\/\/gundogdultd.com.tr\/wp-content\/uploads\/2021\/03\/setif_0004_IMG_0539.jpg\" data-title=\"setif_0004_IMG_0539\"><div class=\"bt_bb_grid_item_inner\" data-hw=\"1\" ><div class=\"bt_bb_grid_item_inner_image\"><\/div><div class=\"bt_bb_grid_item_inner_content\"><\/div><\/div><\/div><div class=\"bt_bb_grid_item bt_bb_tile_format11\" data-hw=\"1\" data-src=\"https:\/\/gundogdultd.com.tr\/wp-content\/uploads\/2021\/03\/setif_0005_IMG_0538.jpg\" data-src-full=\"https:\/\/gundogdultd.com.tr\/wp-content\/uploads\/2021\/03\/setif_0005_IMG_0538.jpg\" data-title=\"setif_0005_IMG_0538\"><div class=\"bt_bb_grid_item_inner\" data-hw=\"1\" ><div class=\"bt_bb_grid_item_inner_image\"><\/div><div class=\"bt_bb_grid_item_inner_content\"><\/div><\/div><\/div><div class=\"bt_bb_grid_item bt_bb_tile_format11\" data-hw=\"1\" data-src=\"https:\/\/gundogdultd.com.tr\/wp-content\/uploads\/2021\/03\/setif_0006_IMG_0537.jpg\" data-src-full=\"https:\/\/gundogdultd.com.tr\/wp-content\/uploads\/2021\/03\/setif_0006_IMG_0537.jpg\" data-title=\"setif_0006_IMG_0537\"><div class=\"bt_bb_grid_item_inner\" data-hw=\"1\" ><div class=\"bt_bb_grid_item_inner_image\"><\/div><div class=\"bt_bb_grid_item_inner_content\"><\/div><\/div><\/div><div class=\"bt_bb_grid_item bt_bb_tile_format11\" data-hw=\"1\" data-src=\"https:\/\/gundogdultd.com.tr\/wp-content\/uploads\/2021\/03\/setif_0007_IMG_0536.jpg\" data-src-full=\"https:\/\/gundogdultd.com.tr\/wp-content\/uploads\/2021\/03\/setif_0007_IMG_0536.jpg\" data-title=\"setif_0007_IMG_0536\"><div class=\"bt_bb_grid_item_inner\" data-hw=\"1\" ><div class=\"bt_bb_grid_item_inner_image\"><\/div><div class=\"bt_bb_grid_item_inner_content\"><\/div><\/div><\/div><div class=\"bt_bb_grid_item bt_bb_tile_format11\" data-hw=\"1\" data-src=\"https:\/\/gundogdultd.com.tr\/wp-content\/uploads\/2021\/03\/setif_0010_20161203_102513.jpg\" data-src-full=\"https:\/\/gundogdultd.com.tr\/wp-content\/uploads\/2021\/03\/setif_0010_20161203_102513.jpg\" data-title=\"setif_0010_20161203_102513\"><div class=\"bt_bb_grid_item_inner\" data-hw=\"1\" ><div class=\"bt_bb_grid_item_inner_image\"><\/div><div class=\"bt_bb_grid_item_inner_content\"><\/div><\/div><\/div><div class=\"bt_bb_grid_item bt_bb_tile_format11\" data-hw=\"1\" data-src=\"https:\/\/gundogdultd.com.tr\/wp-content\/uploads\/2021\/03\/setif_0011_20161203_102229.jpg\" data-src-full=\"https:\/\/gundogdultd.com.tr\/wp-content\/uploads\/2021\/03\/setif_0011_20161203_102229.jpg\" data-title=\"setif_0011_20161203_102229\"><div class=\"bt_bb_grid_item_inner\" data-hw=\"1\" ><div class=\"bt_bb_grid_item_inner_image\"><\/div><div class=\"bt_bb_grid_item_inner_content\"><\/div><\/div><\/div><div class=\"bt_bb_grid_item bt_bb_tile_format11\" data-hw=\"1\" data-src=\"https:\/\/gundogdultd.com.tr\/wp-content\/uploads\/2021\/03\/setif_0012_20161203_102221.jpg\" data-src-full=\"https:\/\/gundogdultd.com.tr\/wp-content\/uploads\/2021\/03\/setif_0012_20161203_102221.jpg\" data-title=\"setif_0012_20161203_102221\"><div class=\"bt_bb_grid_item_inner\" data-hw=\"1\" ><div class=\"bt_bb_grid_item_inner_image\"><\/div><div class=\"bt_bb_grid_item_inner_content\"><\/div><\/div><\/div><div class=\"bt_bb_grid_item bt_bb_tile_format11\" data-hw=\"1\" data-src=\"https:\/\/gundogdultd.com.tr\/wp-content\/uploads\/2021\/03\/setif_0013_20161203_102203.jpg\" data-src-full=\"https:\/\/gundogdultd.com.tr\/wp-content\/uploads\/2021\/03\/setif_0013_20161203_102203.jpg\" data-title=\"setif_0013_20161203_102203\"><div class=\"bt_bb_grid_item_inner\" data-hw=\"1\" ><div class=\"bt_bb_grid_item_inner_image\"><\/div><div class=\"bt_bb_grid_item_inner_content\"><\/div><\/div><\/div><\/div><\/div><\/div><\/div><\/div><\/div><\/div><\/div><\/div><\/div><div class=\"bt_bb_section_bottom_section_coverage_image\"><img src=\"https:\/\/gundogdultd.com.tr\/wp-content\/uploads\/2020\/09\/gray-curve-bottom-left-small.png\" alt=\"bt_bb_section_bottom_section_coverage_image\" \/><\/div><\/section><\/div>","protected":false},"excerpt":{"rendered":"","protected":false},"author":1,"featured_media":0,"parent":0,"menu_order":0,"comment_status":"closed","ping_status":"closed","template":"","meta":[],"_links":{"self":[{"href":"https:\/\/gundogdultd.com.tr\/en\/wp-json\/wp\/v2\/pages\/1519"}],"collection":[{"href":"https:\/\/gundogdultd.com.tr\/en\/wp-json\/wp\/v2\/pages"}],"about":[{"href":"https:\/\/gundogdultd.com.tr\/en\/wp-json\/wp\/v2\/types\/page"}],"author":[{"embeddable":true,"href":"https:\/\/gundogdultd.com.tr\/en\/wp-json\/wp\/v2\/users\/1"}],"replies":[{"embeddable":true,"href":"https:\/\/gundogdultd.com.tr\/en\/wp-json\/wp\/v2\/comments?post=1519"}],"version-history":[{"count":7,"href":"https:\/\/gundogdultd.com.tr\/en\/wp-json\/wp\/v2\/pages\/1519\/revisions"}],"predecessor-version":[{"id":1773,"href":"https:\/\/gundogdultd.com.tr\/en\/wp-json\/wp\/v2\/pages\/1519\/revisions\/1773"}],"wp:attachment":[{"href":"https:\/\/gundogdultd.com.tr\/en\/wp-json\/wp\/v2\/media?parent=1519"}],"curies":[{"name":"wp","href":"https:\/\/api.w.org\/{rel}","templated":true}]}}