{"id":1394,"date":"2021-03-25T08:32:20","date_gmt":"2021-03-25T08:32:20","guid":{"rendered":"http:\/\/gundogdultd.com.tr\/?page_id=1394"},"modified":"2021-04-07T10:03:23","modified_gmt":"2021-04-07T10:03:23","slug":"morogoro-makutupora","status":"publish","type":"page","link":"https:\/\/gundogdultd.com.tr\/en\/morogoro-makutupora\/","title":{"rendered":"Morogoro &#8211; Makutupora"},"content":{"rendered":"<div class=\"bt_bb_wrapper\"><section id=\"bt_bb_section69e309c2da882\"  data-background_image_src=\"'https:\/\/gundogdultd.com.tr\/wp-content\/uploads\/2021\/03\/Tanzanya-Kapak.jpg'\" class=\"bt_bb_section bt_bb_top_spacing_large bt_bb_bottom_spacing_extra_large bt_bb_color_scheme_1 bt_bb_layout_boxed_1200 bt_bb_vertical_align_top btLazyLoadBackground bt_bb_background_image bt_bb_section_allow_content_outside bt_bb_section_with_bottom_coverage_image\" style=\"background-image:url(&#039;https:\/\/gundogdultd.com.tr\/wp-content\/plugins\/bold-page-builder\/img\/blank.gif&#039;);;background-color:#ffffff;\"><div class=\"bt_bb_port\"><div class=\"bt_bb_cell\"><div class=\"bt_bb_cell_inner\"><div class=\"bt_bb_row_wrapper\"><div  class=\"bt_bb_row\" ><div  class=\"bt_bb_column col-xl-12 col-xs-12 col-sm-12 col-md-12 col-lg-12 bt_bb_align_left bt_bb_vertical_align_top bt_bb_padding_normal\"  data-width=\"12\" data-bt-override-class=\"{}\"><div class=\"bt_bb_column_content\"><div class=\"bt_bb_column_content_inner\"><header class=\"bt_bb_headline bt_bb_dash_top bt_bb_size_extralarge bt_bb_subheadline bt_bb_align_inherit\" data-bt-override-class=\"{&quot;bt_bb_size_&quot;:{&quot;current_class&quot;:&quot;bt_bb_size_extralarge&quot;,&quot;xl&quot;:&quot;extralarge&quot;},&quot;bt_bb_align_&quot;:{&quot;current_class&quot;:&quot;bt_bb_align_inherit&quot;,&quot;xl&quot;:&quot;inherit&quot;}}\"><h2 class=\"bt_bb_headline_tag\"><span class=\"bt_bb_headline_content\"><span><u>Morogoro-Makutupora<\/u> <\/span><\/span><\/h2><div class=\"bt_bb_headline_subheadline\">Tanzanya Birle\u015fik Cumhuriyeti'nde Morogoro-Makutupora aras\u0131nda mevcut metrik hatta paralel standart kesit demiryolu hatt\u0131 in\u015faat\u0131<\/div><\/header><\/div><\/div><\/div><\/div><\/div><\/div><\/div><\/div><div class=\"bt_bb_section_bottom_section_coverage_image\"><img src=\"https:\/\/gundogdultd.com.tr\/wp-content\/uploads\/2020\/09\/gray-curve-bottom-left-tiny.png\" alt=\"bt_bb_section_bottom_section_coverage_image\" \/><\/div><\/section><section id=\"bt_bb_section69e309c2f3932\"  class=\"bt_bb_section bt_bb_top_spacing_100 bt_bb_bottom_spacing_100 bt_bb_layout_boxed_1200 bt_bb_vertical_align_top bt_bb_section_allow_content_outside bt_bb_section_with_bottom_coverage_image\" ><div class=\"bt_bb_port\"><div class=\"bt_bb_cell\"><div class=\"bt_bb_cell_inner\"><div class=\"bt_bb_row_wrapper\"><div  class=\"bt_bb_row\" ><div  class=\"bt_bb_column col-xl-4 btInnerRounded bt_bb_align_left bt_bb_vertical_align_top bt_bb_padding_text_indent\"  data-width=\"4\" data-bt-override-class=\"{}\"><div class=\"bt_bb_column_content\" style=\"background-color:rgba(245, 245, 245, 1);\"><div class=\"bt_bb_column_content_inner\"><div class=\"bt_bb_image bt_bb_shape_square bt_bb_align_inherit bt_bb_hover_style_simple bt_bb_content_display_always bt_bb_content_align_middle bt_bb_remove_padding_yes bt_bb_fill_background_color_full\"><span><img src = \"https:\/\/gundogdultd.com.tr\/wp-content\/plugins\/bold-page-builder\/img\/blank.gif\" data-full_image_src=\"https:\/\/gundogdultd.com.tr\/wp-content\/uploads\/2021\/03\/MOROGORO-MAKUTUPORA-5.jpg\" data-image_src=\"https:\/\/gundogdultd.com.tr\/wp-content\/uploads\/2021\/03\/MOROGORO-MAKUTUPORA-5.jpg\" title=\"MOROGORO-MAKUTUPORA - 5\" alt=\"https:\/\/gundogdultd.com.tr\/wp-content\/uploads\/2021\/03\/MOROGORO-MAKUTUPORA-5.jpg\" class=\"btLazyLoadImage\"><\/span><\/div><div class=\"bt_bb_separator bt_bb_bottom_spacing_normal bt_bb_border_style_none\"><\/div><header class=\"bt_bb_headline bt_bb_font_weight_900 bt_bb_dash_none bt_bb_size_small bt_bb_align_inherit\" data-bt-override-class=\"{&quot;bt_bb_size_&quot;:{&quot;current_class&quot;:&quot;bt_bb_size_small&quot;,&quot;xl&quot;:&quot;small&quot;},&quot;bt_bb_align_&quot;:{&quot;current_class&quot;:&quot;bt_bb_align_inherit&quot;,&quot;xl&quot;:&quot;inherit&quot;}}\"><h3 class=\"bt_bb_headline_tag\"><span class=\"bt_bb_headline_content\"><span>Proje Hakk\u0131nda<\/span><\/span><\/h3><\/header><div class=\"bt_bb_separator bt_bb_bottom_spacing_normal bt_bb_border_style_none\"><\/div><div class=\"bt_bb_icon bt_bb_color_scheme_7 bt_bb_style_borderless bt_bb_size_small bt_bb_shape_circle bt_bb_align_inherit\" data-bt-override-class=\"{&quot;bt_bb_size_&quot;:{&quot;current_class&quot;:&quot;bt_bb_size_small&quot;,&quot;xl&quot;:&quot;small&quot;},&quot;bt_bb_align_&quot;:{&quot;current_class&quot;:&quot;bt_bb_align_inherit&quot;,&quot;xl&quot;:&quot;inherit&quot;}}\"><span  data-ico-architectureandconstruction=\"&#xe909;\" class=\"bt_bb_icon_holder\"><span>\u0130\u015fveren: YAPI MERKEZ\u0130 \u0130N\u015eAAT A.\u015e. <\/span><\/span><\/div><div class=\"bt_bb_separator bt_bb_bottom_spacing_10 bt_bb_border_style_none\"><\/div><div class=\"bt_bb_icon bt_bb_color_scheme_7 bt_bb_style_borderless bt_bb_size_small bt_bb_shape_circle bt_bb_align_inherit\" data-bt-override-class=\"{&quot;bt_bb_size_&quot;:{&quot;current_class&quot;:&quot;bt_bb_size_small&quot;,&quot;xl&quot;:&quot;small&quot;},&quot;bt_bb_align_&quot;:{&quot;current_class&quot;:&quot;bt_bb_align_inherit&quot;,&quot;xl&quot;:&quot;inherit&quot;}}\"><span  data-ico-fontawesome5solid=\"&#xf3c5;\" class=\"bt_bb_icon_holder\"><span>Tanzanya<\/span><\/span><\/div><div class=\"bt_bb_separator bt_bb_bottom_spacing_10 bt_bb_border_style_none\"><\/div><div class=\"bt_bb_icon bt_bb_color_scheme_7 bt_bb_style_borderless bt_bb_size_small bt_bb_shape_circle bt_bb_align_inherit\" data-bt-override-class=\"{&quot;bt_bb_size_&quot;:{&quot;current_class&quot;:&quot;bt_bb_size_small&quot;,&quot;xl&quot;:&quot;small&quot;},&quot;bt_bb_align_&quot;:{&quot;current_class&quot;:&quot;bt_bb_align_inherit&quot;,&quot;xl&quot;:&quot;inherit&quot;}}\"><span  data-ico-icon7stroke=\"&#xe660;\" class=\"bt_bb_icon_holder\"><span>Ba\u015flang\u0131\u00e7 Tarihi: 08.01.2019<\/span><\/span><\/div><div class=\"bt_bb_separator bt_bb_bottom_spacing_10 bt_bb_border_style_none\"><\/div><div class=\"bt_bb_icon bt_bb_color_scheme_7 bt_bb_style_borderless bt_bb_size_small bt_bb_shape_circle bt_bb_align_inherit\" data-bt-override-class=\"{&quot;bt_bb_size_&quot;:{&quot;current_class&quot;:&quot;bt_bb_size_small&quot;,&quot;xl&quot;:&quot;small&quot;},&quot;bt_bb_align_&quot;:{&quot;current_class&quot;:&quot;bt_bb_align_inherit&quot;,&quot;xl&quot;:&quot;inherit&quot;}}\"><span  data-ico-icon7stroke=\"&#xe660;\" class=\"bt_bb_icon_holder\"><span>Biti\u015f Tarihi: Devam Ediyor<\/span><\/span><\/div><div class=\"bt_bb_separator bt_bb_bottom_spacing_10 bt_bb_border_style_none\"><\/div><\/div><\/div><\/div><div  class=\"bt_bb_column col-xl-8 bt_bb_align_left bt_bb_vertical_align_top bt_bb_padding_normal\"  data-width=\"8\" data-bt-override-class=\"{}\"><div class=\"bt_bb_column_content\"><div class=\"bt_bb_column_content_inner\"><div class=\"bt_bb_masonry_image_grid bt_bb_grid_container bt_bb_columns_6 bt_bb_gap_normal\" data-columns=\"6\"><div class=\"bt_bb_masonry_post_image_content\" data-columns=\"6\"><div class=\"bt_bb_grid_sizer\"><\/div><div class=\"bt_bb_grid_item bt_bb_tile_format11\" data-hw=\"1\" data-src=\"https:\/\/gundogdultd.com.tr\/wp-content\/uploads\/2021\/03\/MOROGORO-MAKUTUPORA-24-640x640.jpg\" data-src-full=\"https:\/\/gundogdultd.com.tr\/wp-content\/uploads\/2021\/03\/MOROGORO-MAKUTUPORA-24.jpg\" data-title=\"MOROGORO-MAKUTUPORA - 24\"><div class=\"bt_bb_grid_item_inner\" data-hw=\"1\" ><div class=\"bt_bb_grid_item_inner_image\"><\/div><div class=\"bt_bb_grid_item_inner_content\"><\/div><\/div><\/div><div class=\"bt_bb_grid_item bt_bb_tile_format11\" data-hw=\"1\" data-src=\"https:\/\/gundogdultd.com.tr\/wp-content\/uploads\/2021\/03\/MOROGORO-MAKUTUPORA-25-640x640.jpg\" data-src-full=\"https:\/\/gundogdultd.com.tr\/wp-content\/uploads\/2021\/03\/MOROGORO-MAKUTUPORA-25.jpg\" data-title=\"MOROGORO-MAKUTUPORA - 25\"><div class=\"bt_bb_grid_item_inner\" data-hw=\"1\" ><div class=\"bt_bb_grid_item_inner_image\"><\/div><div class=\"bt_bb_grid_item_inner_content\"><\/div><\/div><\/div><div class=\"bt_bb_grid_item bt_bb_tile_format11\" data-hw=\"1\" data-src=\"https:\/\/gundogdultd.com.tr\/wp-content\/uploads\/2021\/03\/MOROGORO-MAKUTUPORA-26-640x640.jpg\" data-src-full=\"https:\/\/gundogdultd.com.tr\/wp-content\/uploads\/2021\/03\/MOROGORO-MAKUTUPORA-26.jpg\" data-title=\"MOROGORO-MAKUTUPORA - 26\"><div class=\"bt_bb_grid_item_inner\" data-hw=\"1\" ><div class=\"bt_bb_grid_item_inner_image\"><\/div><div class=\"bt_bb_grid_item_inner_content\"><\/div><\/div><\/div><div class=\"bt_bb_grid_item bt_bb_tile_format11\" data-hw=\"1\" data-src=\"https:\/\/gundogdultd.com.tr\/wp-content\/uploads\/2021\/03\/MOROGORO-MAKUTUPORA-27-640x640.jpg\" data-src-full=\"https:\/\/gundogdultd.com.tr\/wp-content\/uploads\/2021\/03\/MOROGORO-MAKUTUPORA-27.jpg\" data-title=\"MOROGORO-MAKUTUPORA - 27\"><div class=\"bt_bb_grid_item_inner\" data-hw=\"1\" ><div class=\"bt_bb_grid_item_inner_image\"><\/div><div class=\"bt_bb_grid_item_inner_content\"><\/div><\/div><\/div><div class=\"bt_bb_grid_item bt_bb_tile_format11\" data-hw=\"1\" data-src=\"https:\/\/gundogdultd.com.tr\/wp-content\/uploads\/2021\/03\/MOROGORO-MAKUTUPORA-16-640x640.jpg\" data-src-full=\"https:\/\/gundogdultd.com.tr\/wp-content\/uploads\/2021\/03\/MOROGORO-MAKUTUPORA-16.jpg\" data-title=\"MOROGORO-MAKUTUPORA - 16\"><div class=\"bt_bb_grid_item_inner\" data-hw=\"1\" ><div class=\"bt_bb_grid_item_inner_image\"><\/div><div class=\"bt_bb_grid_item_inner_content\"><\/div><\/div><\/div><div class=\"bt_bb_grid_item bt_bb_tile_format11\" data-hw=\"1\" data-src=\"https:\/\/gundogdultd.com.tr\/wp-content\/uploads\/2021\/03\/MOROGORO-MAKUTUPORA-17-640x640.jpg\" data-src-full=\"https:\/\/gundogdultd.com.tr\/wp-content\/uploads\/2021\/03\/MOROGORO-MAKUTUPORA-17.jpg\" data-title=\"MOROGORO-MAKUTUPORA - 17\"><div class=\"bt_bb_grid_item_inner\" data-hw=\"1\" ><div class=\"bt_bb_grid_item_inner_image\"><\/div><div class=\"bt_bb_grid_item_inner_content\"><\/div><\/div><\/div><div class=\"bt_bb_grid_item bt_bb_tile_format11\" data-hw=\"1\" data-src=\"https:\/\/gundogdultd.com.tr\/wp-content\/uploads\/2021\/03\/MOROGORO-MAKUTUPORA-18-640x640.jpg\" data-src-full=\"https:\/\/gundogdultd.com.tr\/wp-content\/uploads\/2021\/03\/MOROGORO-MAKUTUPORA-18.jpg\" data-title=\"MOROGORO-MAKUTUPORA - 18\"><div class=\"bt_bb_grid_item_inner\" data-hw=\"1\" ><div class=\"bt_bb_grid_item_inner_image\"><\/div><div class=\"bt_bb_grid_item_inner_content\"><\/div><\/div><\/div><div class=\"bt_bb_grid_item bt_bb_tile_format11\" data-hw=\"1\" data-src=\"https:\/\/gundogdultd.com.tr\/wp-content\/uploads\/2021\/03\/MOROGORO-MAKUTUPORA-19-640x640.jpg\" data-src-full=\"https:\/\/gundogdultd.com.tr\/wp-content\/uploads\/2021\/03\/MOROGORO-MAKUTUPORA-19.jpg\" data-title=\"MOROGORO-MAKUTUPORA - 19\"><div class=\"bt_bb_grid_item_inner\" data-hw=\"1\" ><div class=\"bt_bb_grid_item_inner_image\"><\/div><div class=\"bt_bb_grid_item_inner_content\"><\/div><\/div><\/div><div class=\"bt_bb_grid_item bt_bb_tile_format11\" data-hw=\"1\" data-src=\"https:\/\/gundogdultd.com.tr\/wp-content\/uploads\/2021\/03\/MOROGORO-MAKUTUPORA-28-640x640.jpg\" data-src-full=\"https:\/\/gundogdultd.com.tr\/wp-content\/uploads\/2021\/03\/MOROGORO-MAKUTUPORA-28.jpg\" data-title=\"MOROGORO-MAKUTUPORA - 28\"><div class=\"bt_bb_grid_item_inner\" data-hw=\"1\" ><div class=\"bt_bb_grid_item_inner_image\"><\/div><div class=\"bt_bb_grid_item_inner_content\"><\/div><\/div><\/div><div class=\"bt_bb_grid_item bt_bb_tile_format11\" data-hw=\"1\" data-src=\"https:\/\/gundogdultd.com.tr\/wp-content\/uploads\/2021\/03\/MOROGORO-MAKUTUPORA-20-640x640.jpg\" data-src-full=\"https:\/\/gundogdultd.com.tr\/wp-content\/uploads\/2021\/03\/MOROGORO-MAKUTUPORA-20.jpg\" data-title=\"MOROGORO-MAKUTUPORA - 20\"><div class=\"bt_bb_grid_item_inner\" data-hw=\"1\" ><div class=\"bt_bb_grid_item_inner_image\"><\/div><div class=\"bt_bb_grid_item_inner_content\"><\/div><\/div><\/div><div class=\"bt_bb_grid_item bt_bb_tile_format11\" data-hw=\"1\" data-src=\"https:\/\/gundogdultd.com.tr\/wp-content\/uploads\/2021\/03\/MOROGORO-MAKUTUPORA-21-640x640.jpg\" data-src-full=\"https:\/\/gundogdultd.com.tr\/wp-content\/uploads\/2021\/03\/MOROGORO-MAKUTUPORA-21.jpg\" data-title=\"MOROGORO-MAKUTUPORA - 21\"><div class=\"bt_bb_grid_item_inner\" data-hw=\"1\" ><div class=\"bt_bb_grid_item_inner_image\"><\/div><div class=\"bt_bb_grid_item_inner_content\"><\/div><\/div><\/div><div class=\"bt_bb_grid_item bt_bb_tile_format11\" data-hw=\"1\" data-src=\"https:\/\/gundogdultd.com.tr\/wp-content\/uploads\/2021\/03\/MOROGORO-MAKUTUPORA-29-640x640.jpg\" data-src-full=\"https:\/\/gundogdultd.com.tr\/wp-content\/uploads\/2021\/03\/MOROGORO-MAKUTUPORA-29.jpg\" data-title=\"MOROGORO-MAKUTUPORA - 29\"><div class=\"bt_bb_grid_item_inner\" data-hw=\"1\" ><div class=\"bt_bb_grid_item_inner_image\"><\/div><div class=\"bt_bb_grid_item_inner_content\"><\/div><\/div><\/div><div class=\"bt_bb_grid_item bt_bb_tile_format11\" data-hw=\"1\" data-src=\"https:\/\/gundogdultd.com.tr\/wp-content\/uploads\/2021\/03\/MOROGORO-MAKUTUPORA-8-640x640.jpg\" data-src-full=\"https:\/\/gundogdultd.com.tr\/wp-content\/uploads\/2021\/03\/MOROGORO-MAKUTUPORA-8.jpg\" data-title=\"MOROGORO-MAKUTUPORA - 8\"><div class=\"bt_bb_grid_item_inner\" data-hw=\"1\" ><div class=\"bt_bb_grid_item_inner_image\"><\/div><div class=\"bt_bb_grid_item_inner_content\"><\/div><\/div><\/div><div class=\"bt_bb_grid_item bt_bb_tile_format11\" data-hw=\"1\" data-src=\"https:\/\/gundogdultd.com.tr\/wp-content\/uploads\/2021\/03\/MOROGORO-MAKUTUPORA-9-640x640.jpg\" data-src-full=\"https:\/\/gundogdultd.com.tr\/wp-content\/uploads\/2021\/03\/MOROGORO-MAKUTUPORA-9.jpg\" data-title=\"MOROGORO-MAKUTUPORA - 9\"><div class=\"bt_bb_grid_item_inner\" data-hw=\"1\" ><div class=\"bt_bb_grid_item_inner_image\"><\/div><div class=\"bt_bb_grid_item_inner_content\"><\/div><\/div><\/div><div class=\"bt_bb_grid_item bt_bb_tile_format11\" data-hw=\"1\" data-src=\"https:\/\/gundogdultd.com.tr\/wp-content\/uploads\/2021\/03\/MOROGORO-MAKUTUPORA-10-640x640.jpg\" data-src-full=\"https:\/\/gundogdultd.com.tr\/wp-content\/uploads\/2021\/03\/MOROGORO-MAKUTUPORA-10.jpg\" data-title=\"MOROGORO-MAKUTUPORA - 10\"><div class=\"bt_bb_grid_item_inner\" data-hw=\"1\" ><div class=\"bt_bb_grid_item_inner_image\"><\/div><div class=\"bt_bb_grid_item_inner_content\"><\/div><\/div><\/div><div class=\"bt_bb_grid_item bt_bb_tile_format11\" data-hw=\"1\" data-src=\"https:\/\/gundogdultd.com.tr\/wp-content\/uploads\/2021\/03\/MOROGORO-MAKUTUPORA-11-640x640.jpg\" data-src-full=\"https:\/\/gundogdultd.com.tr\/wp-content\/uploads\/2021\/03\/MOROGORO-MAKUTUPORA-11.jpg\" data-title=\"MOROGORO-MAKUTUPORA - 11\"><div class=\"bt_bb_grid_item_inner\" data-hw=\"1\" ><div class=\"bt_bb_grid_item_inner_image\"><\/div><div class=\"bt_bb_grid_item_inner_content\"><\/div><\/div><\/div><div class=\"bt_bb_grid_item bt_bb_tile_format11\" data-hw=\"1\" data-src=\"https:\/\/gundogdultd.com.tr\/wp-content\/uploads\/2021\/03\/MOROGORO-MAKUTUPORA-12-640x640.jpg\" data-src-full=\"https:\/\/gundogdultd.com.tr\/wp-content\/uploads\/2021\/03\/MOROGORO-MAKUTUPORA-12.jpg\" data-title=\"MOROGORO-MAKUTUPORA - 12\"><div class=\"bt_bb_grid_item_inner\" data-hw=\"1\" ><div class=\"bt_bb_grid_item_inner_image\"><\/div><div class=\"bt_bb_grid_item_inner_content\"><\/div><\/div><\/div><div class=\"bt_bb_grid_item bt_bb_tile_format11\" data-hw=\"1\" data-src=\"https:\/\/gundogdultd.com.tr\/wp-content\/uploads\/2021\/03\/MOROGORO-MAKUTUPORA-13-640x640.jpg\" data-src-full=\"https:\/\/gundogdultd.com.tr\/wp-content\/uploads\/2021\/03\/MOROGORO-MAKUTUPORA-13.jpg\" data-title=\"MOROGORO-MAKUTUPORA - 13\"><div class=\"bt_bb_grid_item_inner\" data-hw=\"1\" ><div class=\"bt_bb_grid_item_inner_image\"><\/div><div class=\"bt_bb_grid_item_inner_content\"><\/div><\/div><\/div><div class=\"bt_bb_grid_item bt_bb_tile_format11\" data-hw=\"1\" data-src=\"https:\/\/gundogdultd.com.tr\/wp-content\/uploads\/2021\/03\/MOROGORO-MAKUTUPORA-14-640x640.jpg\" data-src-full=\"https:\/\/gundogdultd.com.tr\/wp-content\/uploads\/2021\/03\/MOROGORO-MAKUTUPORA-14.jpg\" data-title=\"MOROGORO-MAKUTUPORA - 14\"><div class=\"bt_bb_grid_item_inner\" data-hw=\"1\" ><div class=\"bt_bb_grid_item_inner_image\"><\/div><div class=\"bt_bb_grid_item_inner_content\"><\/div><\/div><\/div><div class=\"bt_bb_grid_item bt_bb_tile_format11\" data-hw=\"1\" data-src=\"https:\/\/gundogdultd.com.tr\/wp-content\/uploads\/2021\/03\/MOROGORO-MAKUTUPORA-22-640x640.jpg\" data-src-full=\"https:\/\/gundogdultd.com.tr\/wp-content\/uploads\/2021\/03\/MOROGORO-MAKUTUPORA-22.jpg\" data-title=\"MOROGORO-MAKUTUPORA - 22\"><div class=\"bt_bb_grid_item_inner\" data-hw=\"1\" ><div class=\"bt_bb_grid_item_inner_image\"><\/div><div class=\"bt_bb_grid_item_inner_content\"><\/div><\/div><\/div><div class=\"bt_bb_grid_item bt_bb_tile_format11\" data-hw=\"1\" data-src=\"https:\/\/gundogdultd.com.tr\/wp-content\/uploads\/2021\/03\/MOROGORO-MAKUTUPORA-30-640x640.jpg\" data-src-full=\"https:\/\/gundogdultd.com.tr\/wp-content\/uploads\/2021\/03\/MOROGORO-MAKUTUPORA-30.jpg\" data-title=\"MOROGORO-MAKUTUPORA - 30\"><div class=\"bt_bb_grid_item_inner\" data-hw=\"1\" ><div class=\"bt_bb_grid_item_inner_image\"><\/div><div class=\"bt_bb_grid_item_inner_content\"><\/div><\/div><\/div><div class=\"bt_bb_grid_item bt_bb_tile_format11\" data-hw=\"1\" data-src=\"https:\/\/gundogdultd.com.tr\/wp-content\/uploads\/2021\/03\/MOROGORO-MAKUTUPORA-1-640x640.jpg\" data-src-full=\"https:\/\/gundogdultd.com.tr\/wp-content\/uploads\/2021\/03\/MOROGORO-MAKUTUPORA-1.jpg\" data-title=\"MOROGORO-MAKUTUPORA - 1\"><div class=\"bt_bb_grid_item_inner\" data-hw=\"1\" ><div class=\"bt_bb_grid_item_inner_image\"><\/div><div class=\"bt_bb_grid_item_inner_content\"><\/div><\/div><\/div><div class=\"bt_bb_grid_item bt_bb_tile_format11\" data-hw=\"1\" data-src=\"https:\/\/gundogdultd.com.tr\/wp-content\/uploads\/2021\/03\/MOROGORO-MAKUTUPORA-2-640x640.jpg\" data-src-full=\"https:\/\/gundogdultd.com.tr\/wp-content\/uploads\/2021\/03\/MOROGORO-MAKUTUPORA-2.jpg\" data-title=\"MOROGORO-MAKUTUPORA - 2\"><div class=\"bt_bb_grid_item_inner\" data-hw=\"1\" ><div class=\"bt_bb_grid_item_inner_image\"><\/div><div class=\"bt_bb_grid_item_inner_content\"><\/div><\/div><\/div><div class=\"bt_bb_grid_item bt_bb_tile_format11\" data-hw=\"1\" data-src=\"https:\/\/gundogdultd.com.tr\/wp-content\/uploads\/2021\/03\/MOROGORO-MAKUTUPORA-3-640x640.jpg\" data-src-full=\"https:\/\/gundogdultd.com.tr\/wp-content\/uploads\/2021\/03\/MOROGORO-MAKUTUPORA-3.jpg\" data-title=\"MOROGORO-MAKUTUPORA - 3\"><div class=\"bt_bb_grid_item_inner\" data-hw=\"1\" ><div class=\"bt_bb_grid_item_inner_image\"><\/div><div class=\"bt_bb_grid_item_inner_content\"><\/div><\/div><\/div><div class=\"bt_bb_grid_item bt_bb_tile_format11\" data-hw=\"1\" data-src=\"https:\/\/gundogdultd.com.tr\/wp-content\/uploads\/2021\/03\/MOROGORO-MAKUTUPORA-4-640x640.jpg\" data-src-full=\"https:\/\/gundogdultd.com.tr\/wp-content\/uploads\/2021\/03\/MOROGORO-MAKUTUPORA-4.jpg\" data-title=\"MOROGORO-MAKUTUPORA - 4\"><div class=\"bt_bb_grid_item_inner\" data-hw=\"1\" ><div class=\"bt_bb_grid_item_inner_image\"><\/div><div class=\"bt_bb_grid_item_inner_content\"><\/div><\/div><\/div><div class=\"bt_bb_grid_item bt_bb_tile_format11\" data-hw=\"1\" data-src=\"https:\/\/gundogdultd.com.tr\/wp-content\/uploads\/2021\/03\/MOROGORO-MAKUTUPORA-5-640x640.jpg\" data-src-full=\"https:\/\/gundogdultd.com.tr\/wp-content\/uploads\/2021\/03\/MOROGORO-MAKUTUPORA-5.jpg\" data-title=\"MOROGORO-MAKUTUPORA - 5\"><div class=\"bt_bb_grid_item_inner\" data-hw=\"1\" ><div class=\"bt_bb_grid_item_inner_image\"><\/div><div class=\"bt_bb_grid_item_inner_content\"><\/div><\/div><\/div><div class=\"bt_bb_grid_item bt_bb_tile_format11\" data-hw=\"1\" data-src=\"https:\/\/gundogdultd.com.tr\/wp-content\/uploads\/2021\/03\/MOROGORO-MAKUTUPORA-6-640x640.jpg\" data-src-full=\"https:\/\/gundogdultd.com.tr\/wp-content\/uploads\/2021\/03\/MOROGORO-MAKUTUPORA-6.jpg\" data-title=\"MOROGORO-MAKUTUPORA - 6\"><div class=\"bt_bb_grid_item_inner\" data-hw=\"1\" ><div class=\"bt_bb_grid_item_inner_image\"><\/div><div class=\"bt_bb_grid_item_inner_content\"><\/div><\/div><\/div><div class=\"bt_bb_grid_item bt_bb_tile_format11\" data-hw=\"1\" data-src=\"https:\/\/gundogdultd.com.tr\/wp-content\/uploads\/2021\/03\/MOROGORO-MAKUTUPORA-7-640x640.jpg\" data-src-full=\"https:\/\/gundogdultd.com.tr\/wp-content\/uploads\/2021\/03\/MOROGORO-MAKUTUPORA-7.jpg\" data-title=\"MOROGORO-MAKUTUPORA - 7\"><div class=\"bt_bb_grid_item_inner\" data-hw=\"1\" ><div class=\"bt_bb_grid_item_inner_image\"><\/div><div class=\"bt_bb_grid_item_inner_content\"><\/div><\/div><\/div><div class=\"bt_bb_grid_item bt_bb_tile_format11\" data-hw=\"1\" data-src=\"https:\/\/gundogdultd.com.tr\/wp-content\/uploads\/2021\/03\/MOROGORO-MAKUTUPORA-15-640x640.jpg\" data-src-full=\"https:\/\/gundogdultd.com.tr\/wp-content\/uploads\/2021\/03\/MOROGORO-MAKUTUPORA-15.jpg\" data-title=\"MOROGORO-MAKUTUPORA - 15\"><div class=\"bt_bb_grid_item_inner\" data-hw=\"1\" ><div class=\"bt_bb_grid_item_inner_image\"><\/div><div class=\"bt_bb_grid_item_inner_content\"><\/div><\/div><\/div><div class=\"bt_bb_grid_item bt_bb_tile_format11\" data-hw=\"1\" data-src=\"https:\/\/gundogdultd.com.tr\/wp-content\/uploads\/2021\/03\/MOROGORO-MAKUTUPORA-23-640x640.jpg\" data-src-full=\"https:\/\/gundogdultd.com.tr\/wp-content\/uploads\/2021\/03\/MOROGORO-MAKUTUPORA-23.jpg\" data-title=\"MOROGORO-MAKUTUPORA - 23\"><div class=\"bt_bb_grid_item_inner\" data-hw=\"1\" ><div class=\"bt_bb_grid_item_inner_image\"><\/div><div class=\"bt_bb_grid_item_inner_content\"><\/div><\/div><\/div><\/div><\/div><\/div><\/div><\/div><\/div><\/div><\/div><\/div><\/div><div class=\"bt_bb_section_bottom_section_coverage_image\"><img src=\"https:\/\/gundogdultd.com.tr\/wp-content\/uploads\/2020\/09\/gray-curve-bottom-left-small.png\" alt=\"bt_bb_section_bottom_section_coverage_image\" \/><\/div><\/section><\/div>","protected":false},"excerpt":{"rendered":"","protected":false},"author":1,"featured_media":0,"parent":0,"menu_order":0,"comment_status":"closed","ping_status":"closed","template":"","meta":[],"_links":{"self":[{"href":"https:\/\/gundogdultd.com.tr\/en\/wp-json\/wp\/v2\/pages\/1394"}],"collection":[{"href":"https:\/\/gundogdultd.com.tr\/en\/wp-json\/wp\/v2\/pages"}],"about":[{"href":"https:\/\/gundogdultd.com.tr\/en\/wp-json\/wp\/v2\/types\/page"}],"author":[{"embeddable":true,"href":"https:\/\/gundogdultd.com.tr\/en\/wp-json\/wp\/v2\/users\/1"}],"replies":[{"embeddable":true,"href":"https:\/\/gundogdultd.com.tr\/en\/wp-json\/wp\/v2\/comments?post=1394"}],"version-history":[{"count":7,"href":"https:\/\/gundogdultd.com.tr\/en\/wp-json\/wp\/v2\/pages\/1394\/revisions"}],"predecessor-version":[{"id":1768,"href":"https:\/\/gundogdultd.com.tr\/en\/wp-json\/wp\/v2\/pages\/1394\/revisions\/1768"}],"wp:attachment":[{"href":"https:\/\/gundogdultd.com.tr\/en\/wp-json\/wp\/v2\/media?parent=1394"}],"curies":[{"name":"wp","href":"https:\/\/api.w.org\/{rel}","templated":true}]}}