{"id":134,"date":"2020-08-31T11:21:13","date_gmt":"2020-08-31T11:21:13","guid":{"rendered":"http:\/\/konstrakt.bold-themes.com\/main-demo\/?page_id=134"},"modified":"2023-04-08T22:00:41","modified_gmt":"2023-04-08T22:00:41","slug":"contact","status":"publish","type":"page","link":"https:\/\/gundogdultd.com.tr\/en\/contact\/","title":{"rendered":"Contact"},"content":{"rendered":"<div class=\"bt_bb_wrapper\"><section id=\"bt_bb_section69f3667c1d405\"  class=\"bt_bb_section bt_bb_top_spacing_100 bt_bb_layout_wide bt_bb_vertical_align_top bt_bb_hidden_xs bt_bb_hidden_ms bt_bb_hidden_sm bt_bb_hidden_md bt_bb_hidden_lg bt_bb_section_allow_content_outside\" ><div class=\"bt_bb_port\"><div class=\"bt_bb_cell\"><div class=\"bt_bb_cell_inner\"><div class=\"bt_bb_row_wrapper bt_bb_row_width_boxed_1200 bt_bb_row_push_right bt_bb_content_wide\"><div  class=\"bt_bb_row\" ><div  class=\"bt_bb_column col-xl-6 bt_bb_align_left bt_bb_vertical_align_middle bt_bb_padding_normal\"  data-width=\"6\" data-bt-override-class=\"{}\"><div class=\"bt_bb_column_content\"><div class=\"bt_bb_column_content_inner\"><div class=\"bt_bb_separator bt_bb_bottom_spacing_50 bt_bb_border_style_none\"><\/div><header class=\"bt_bb_headline bt_bb_dash_none bt_bb_size_large bt_bb_subheadline bt_bb_align_inherit\" data-bt-override-class=\"{&quot;bt_bb_size_&quot;:{&quot;current_class&quot;:&quot;bt_bb_size_large&quot;,&quot;xl&quot;:&quot;large&quot;},&quot;bt_bb_align_&quot;:{&quot;current_class&quot;:&quot;bt_bb_align_inherit&quot;,&quot;xl&quot;:&quot;inherit&quot;}}\"><h2 class=\"bt_bb_headline_tag\"><span class=\"bt_bb_headline_content\"><span>\u0130leti\u015fimde <u>kal\u0131n<\/u><\/span><\/span><\/h2><div class=\"bt_bb_headline_subheadline\">\u0130htiya\u00e7lar\u0131n\u0131z, teklifleriniz ve sorular\u0131n\u0131z i\u00e7in ileti\u015fim formumuzu doldurarak bize ula\u015fabilirsiniz. Mesajlar\u0131n\u0131za en k\u0131sa s\u00fcrede yan\u0131t verilecektir.<\/div><\/header><div class=\"bt_bb_separator bt_bb_bottom_spacing_30 bt_bb_border_style_none\"><\/div><div class=\"bt_bb_contact_form_7\">[contact-form-7 404 \"Not Found\"]<\/div><div class=\"bt_bb_separator bt_bb_bottom_spacing_50 bt_bb_border_style_none\"><\/div><div class=\"bt_bb_separator bt_bb_bottom_spacing_50 bt_bb_border_style_none bt_bb_hidden_xs bt_bb_hidden_ms bt_bb_hidden_sm\"><\/div><\/div><\/div><\/div><div  class=\"bt_bb_column col-xl-6 bt_bb_align_left bt_bb_vertical_align_top bt_bb_padding_40\" style=\"position: relative;\" data-width=\"6\" data-bt-override-class=\"{}\"><div class=\"bt_bb_column_content\"><div class=\"bt_bb_column_content_inner\"><div class=\"bt_bb_floating_image bt_bb_floating_image_horizontal_position_left bt_bb_floating_image_vertical_position_top bt_bb_floating_image_animation_delay_default bt_bb_floating_image_animation_duration_900 bt_bb_floating_image_animation_style_ease_out\" style=\"z-index: 5; margin-left: 620px; margin-top: 5.625em;\" data-speed=\"1.6\"><div class=\"bt_bb_floating_image_image\" data-speed=\"1.6\"><div class=\"bt_bb_image\"><span><img src=\"https:\/\/gundogdultd.com.tr\/wp-content\/uploads\/2020\/09\/hexagon-blue-small.png\" data-full_image_src=\"https:\/\/gundogdultd.com.tr\/wp-content\/uploads\/2020\/09\/hexagon-blue-small.png\"  alt=\"https:\/\/gundogdultd.com.tr\/wp-content\/uploads\/2020\/09\/hexagon-blue-small.png\"><\/span><\/div><\/div><\/div><div class=\"bt_bb_image bt_bb_shape_hexagon-rounded bt_bb_align_inherit bt_bb_hover_style_simple bt_bb_content_display_always bt_bb_content_align_middle bt_bb_remove_padding_no bt_bb_fill_background_color_full\" style=\"max-width: 650px; z-index: 2; position: relative;\"><span><img src = \"https:\/\/gundogdultd.com.tr\/wp-content\/plugins\/bold-page-builder\/img\/blank.gif\" data-full_image_src=\"https:\/\/gundogdultd.com.tr\/wp-content\/uploads\/2020\/09\/post_23.jpg\" data-image_src=\"https:\/\/gundogdultd.com.tr\/wp-content\/uploads\/2020\/09\/post_23-1280x1280.jpg\" alt=\"https:\/\/gundogdultd.com.tr\/wp-content\/uploads\/2020\/09\/post_23-1280x1280.jpg\" class=\"btLazyLoadImage\"><\/span><\/div><div class=\"bt_bb_floating_image bt_bb_floating_image_horizontal_position_left bt_bb_floating_image_vertical_position_bottom bt_bb_floating_image_animation_delay_default bt_bb_floating_image_animation_duration_default bt_bb_floating_image_animation_style_ease_out\" style=\"margin-left: 90px; margin-bottom: 7em; z-index: 1; max-width: 62%;\" data-speed=\"1.0\"><div class=\"bt_bb_floating_image_image\" data-speed=\"1.0\"><div class=\"bt_bb_image\"><span><img src=\"https:\/\/gundogdultd.com.tr\/wp-content\/uploads\/2021\/03\/hexagon-red-huge.png\" data-full_image_src=\"https:\/\/gundogdultd.com.tr\/wp-content\/uploads\/2021\/03\/hexagon-red-huge.png\"  title=\"hexagon-red-huge\" alt=\"https:\/\/gundogdultd.com.tr\/wp-content\/uploads\/2021\/03\/hexagon-red-huge.png\"><\/span><\/div><\/div><\/div><div class=\"bt_bb_separator bt_bb_bottom_spacing_50 bt_bb_border_style_none\"><\/div><div class=\"bt_bb_separator bt_bb_bottom_spacing_50 bt_bb_border_style_none bt_bb_hidden_xs bt_bb_hidden_ms bt_bb_hidden_sm\"><\/div><\/div><\/div><\/div><\/div><\/div><\/div><\/div><\/div><\/section><section id=\"bt_bb_section69f3667c20872\"  class=\"bt_bb_section bt_bb_layout_wide bt_bb_vertical_align_top bt_bb_section_allow_content_outside bt_bb_section_with_bottom_coverage_image\" style=\";background-color:#f5f5f5;\"><div class=\"bt_bb_port\"><div class=\"bt_bb_cell\"><div class=\"bt_bb_cell_inner\"><div class=\"bt_bb_row_wrapper bt_bb_row_width_boxed_1200 bt_bb_row_push_left bt_bb_content_wide\"><div  class=\"bt_bb_row bt_bb_column_gap_0\" ><div  class=\"bt_bb_column col-xl-7 bt_bb_align_left bt_bb_vertical_align_top bt_bb_padding_normal\"  data-width=\"7\" data-bt-override-class=\"{}\"><div class=\"bt_bb_column_content\"><div class=\"bt_bb_column_content_inner\"><div class=\"bt_bb_google_maps bt_bb_map bt_bb_hidden_xs bt_bb_hidden_ms bt_bb_hidden_sm bt_bb_hidden_md bt_bb_hidden_lg\" data-center=\"yes\"><div class=\"bt_bb_google_maps_map bt_bb_map_map\" id=\"map_canvas69f3667c21254\" style=\"height:710px\"><\/div><div class=\"bt_bb_google_maps_location bt_bb_map_location bt_bb_google_maps_location_without_content bt_bb_map_location_without_content\" data-lat=\"42.993837\" data-lng=\"-87.967819\" data-icon=\"https:\/\/gundogdultd.com.tr\/wp-content\/uploads\/2020\/09\/map-pin.png\"><\/div><\/div><script type=\"text\/javascript\">var bt_bb_google_map_map_canvas69f3667c21254_init_finished = false; document.addEventListener(\"readystatechange\", function() { if ( !bt_bb_google_map_map_canvas69f3667c21254_init_finished && ( document.readyState === \"interactive\" || document.readyState === \"complete\" ) ) { if ( typeof( bt_bb_gmap_init ) !== typeof(Function) ) { return false; }bt_bb_gmap_init( \"map_canvas69f3667c21254\", 15, \"WwogICAgewogICAgICAgICJmZWF0dXJlVHlwZSI6ICJhZG1pbmlzdHJhdGl2ZSIsCiAgICAgICAgImVsZW1lbnRUeXBlIjogImFsbCIsCiAgICAgICAgInN0eWxlcnMiOiBbCiAgICAgICAgICAgIHsKICAgICAgICAgICAgICAgICJ2aXNpYmlsaXR5IjogIm9mZiIKICAgICAgICAgICAgfQogICAgICAgIF0KICAgIH0sCiAgICB7CiAgICAgICAgImZlYXR1cmVUeXBlIjogImxhbmRzY2FwZSIsCiAgICAgICAgImVsZW1lbnRUeXBlIjogImFsbCIsCiAgICAgICAgInN0eWxlcnMiOiBbCiAgICAgICAgICAgIHsKICAgICAgICAgICAgICAgICJ2aXNpYmlsaXR5IjogInNpbXBsaWZpZWQiCiAgICAgICAgICAgIH0sCiAgICAgICAgICAgIHsKICAgICAgICAgICAgICAgICJodWUiOiAiIzAwNjZmZiIKICAgICAgICAgICAgfSwKICAgICAgICAgICAgewogICAgICAgICAgICAgICAgInNhdHVyYXRpb24iOiA3NAogICAgICAgICAgICB9LAogICAgICAgICAgICB7CiAgICAgICAgICAgICAgICAibGlnaHRuZXNzIjogMTAwCiAgICAgICAgICAgIH0KICAgICAgICBdCiAgICB9LAogICAgewogICAgICAgICJmZWF0dXJlVHlwZSI6ICJwb2kiLAogICAgICAgICJlbGVtZW50VHlwZSI6ICJhbGwiLAogICAgICAgICJzdHlsZXJzIjogWwogICAgICAgICAgICB7CiAgICAgICAgICAgICAgICAidmlzaWJpbGl0eSI6ICJzaW1wbGlmaWVkIgogICAgICAgICAgICB9CiAgICAgICAgXQogICAgfSwKICAgIHsKICAgICAgICAiZmVhdHVyZVR5cGUiOiAicm9hZCIsCiAgICAgICAgImVsZW1lbnRUeXBlIjogImFsbCIsCiAgICAgICAgInN0eWxlcnMiOiBbCiAgICAgICAgICAgIHsKICAgICAgICAgICAgICAgICJ2aXNpYmlsaXR5IjogInNpbXBsaWZpZWQiCiAgICAgICAgICAgIH0KICAgICAgICBdCiAgICB9LAogICAgewogICAgICAgICJmZWF0dXJlVHlwZSI6ICJyb2FkLmhpZ2h3YXkiLAogICAgICAgICJlbGVtZW50VHlwZSI6ICJhbGwiLAogICAgICAgICJzdHlsZXJzIjogWwogICAgICAgICAgICB7CiAgICAgICAgICAgICAgICAidmlzaWJpbGl0eSI6ICJvZmYiCiAgICAgICAgICAgIH0sCiAgICAgICAgICAgIHsKICAgICAgICAgICAgICAgICJ3ZWlnaHQiOiAwLjYKICAgICAgICAgICAgfSwKICAgICAgICAgICAgewogICAgICAgICAgICAgICAgInNhdHVyYXRpb24iOiAtODUKICAgICAgICAgICAgfSwKICAgICAgICAgICAgewogICAgICAgICAgICAgICAgImxpZ2h0bmVzcyI6IDYxCiAgICAgICAgICAgIH0KICAgICAgICBdCiAgICB9LAogICAgewogICAgICAgICJmZWF0dXJlVHlwZSI6ICJyb2FkLmhpZ2h3YXkiLAogICAgICAgICJlbGVtZW50VHlwZSI6ICJnZW9tZXRyeSIsCiAgICAgICAgInN0eWxlcnMiOiBbCiAgICAgICAgICAgIHsKICAgICAgICAgICAgICAgICJ2aXNpYmlsaXR5IjogIm9uIgogICAgICAgICAgICB9CiAgICAgICAgXQogICAgfSwKICAgIHsKICAgICAgICAiZmVhdHVyZVR5cGUiOiAicm9hZC5hcnRlcmlhbCIsCiAgICAgICAgImVsZW1lbnRUeXBlIjogImFsbCIsCiAgICAgICAgInN0eWxlcnMiOiBbCiAgICAgICAgICAgIHsKICAgICAgICAgICAgICAgICJ2aXNpYmlsaXR5IjogIm9mZiIKICAgICAgICAgICAgfQogICAgICAgIF0KICAgIH0sCiAgICB7CiAgICAgICAgImZlYXR1cmVUeXBlIjogInJvYWQubG9jYWwiLAogICAgICAgICJlbGVtZW50VHlwZSI6ICJhbGwiLAogICAgICAgICJzdHlsZXJzIjogWwogICAgICAgICAgICB7CiAgICAgICAgICAgICAgICAidmlzaWJpbGl0eSI6ICJvbiIKICAgICAgICAgICAgfQogICAgICAgIF0KICAgIH0sCiAgICB7CiAgICAgICAgImZlYXR1cmVUeXBlIjogInRyYW5zaXQiLAogICAgICAgICJlbGVtZW50VHlwZSI6ICJhbGwiLAogICAgICAgICJzdHlsZXJzIjogWwogICAgICAgICAgICB7CiAgICAgICAgICAgICAgICAidmlzaWJpbGl0eSI6ICJzaW1wbGlmaWVkIgogICAgICAgICAgICB9CiAgICAgICAgXQogICAgfSwKICAgIHsKICAgICAgICAiZmVhdHVyZVR5cGUiOiAid2F0ZXIiLAogICAgICAgICJlbGVtZW50VHlwZSI6ICJhbGwiLAogICAgICAgICJzdHlsZXJzIjogWwogICAgICAgICAgICB7CiAgICAgICAgICAgICAgICAidmlzaWJpbGl0eSI6ICJzaW1wbGlmaWVkIgogICAgICAgICAgICB9LAogICAgICAgICAgICB7CiAgICAgICAgICAgICAgICAiY29sb3IiOiAiIzVmOTRmZiIKICAgICAgICAgICAgfSwKICAgICAgICAgICAgewogICAgICAgICAgICAgICAgImxpZ2h0bmVzcyI6IDI2CiAgICAgICAgICAgIH0sCiAgICAgICAgICAgIHsKICAgICAgICAgICAgICAgICJnYW1tYSI6IDUuODYKICAgICAgICAgICAgfQogICAgICAgIF0KICAgIH0KXQ==\" );bt_bb_google_map_map_canvas69f3667c21254_init_finished = true; };}, false);<\/script><div class=\"bt_bb_image bt_bb_shape_square bt_bb_align_inherit bt_bb_hover_style_simple bt_bb_content_display_always bt_bb_content_align_middle bt_bb_remove_padding_yes bt_bb_fill_background_color_full\"><a href=\"https:\/\/goo.gl\/maps\/uwQTvTTAZpsCwbPD8\"  target=\"_self\" title=\"gundogdu-ins\u0327aat-konum\"><img src = \"https:\/\/gundogdultd.com.tr\/wp-content\/plugins\/bold-page-builder\/img\/blank.gif\" data-full_image_src=\"https:\/\/gundogdultd.com.tr\/wp-content\/uploads\/2021\/02\/gundogdu-ins\u0327aat-konum.jpg\" data-image_src=\"https:\/\/gundogdultd.com.tr\/wp-content\/uploads\/2021\/02\/gundogdu-ins\u0327aat-konum-1280x640.jpg\" title=\"gundogdu-ins\u0327aat-konum\" alt=\"https:\/\/gundogdultd.com.tr\/wp-content\/uploads\/2021\/02\/gundogdu-ins\u0327aat-konum-1280x640.jpg\" class=\"btLazyLoadImage\"><\/a><\/div><\/div><\/div><\/div><div  class=\"bt_bb_column col-xl-5 bt_bb_align_left bt_bb_vertical_align_top bt_bb_padding_50\" style=\"margin-left: 30px;\" data-width=\"5\" data-bt-override-class=\"{&quot;bt_bb_align_&quot;:{&quot;current_class&quot;:&quot;bt_bb_align_left&quot;,&quot;xl&quot;:&quot;left&quot;}}\"><div class=\"bt_bb_column_content\"><div class=\"bt_bb_column_content_inner\"><div class=\"bt_bb_separator bt_bb_bottom_spacing_70 bt_bb_border_style_none\"><\/div><header class=\"bt_bb_headline bt_bb_dash_none bt_bb_size_medium bt_bb_align_inherit\" data-bt-override-class=\"{&quot;bt_bb_size_&quot;:{&quot;current_class&quot;:&quot;bt_bb_size_medium&quot;,&quot;xl&quot;:&quot;medium&quot;},&quot;bt_bb_align_&quot;:{&quot;current_class&quot;:&quot;bt_bb_align_inherit&quot;,&quot;xl&quot;:&quot;inherit&quot;}}\"><h3 class=\"bt_bb_headline_tag\"><span class=\"bt_bb_headline_content\"><span><u>Contact Us<\/u><\/span><\/span><\/h3><\/header><div class=\"bt_bb_separator bt_bb_bottom_spacing_30 bt_bb_border_style_none\"><\/div><div  class=\"bt_bb_text\" ><p>You can reach us by email or phone for all your needs and questions.<\/p>\n<\/div><div class=\"bt_bb_separator bt_bb_bottom_spacing_30 bt_bb_border_style_none\"><\/div><div class=\"bt_bb_icon bt_bb_color_scheme_7 bt_bb_style_borderless bt_bb_size_small bt_bb_shape_circle bt_bb_align_inherit\" data-bt-override-class=\"{&quot;bt_bb_size_&quot;:{&quot;current_class&quot;:&quot;bt_bb_size_small&quot;,&quot;xl&quot;:&quot;small&quot;},&quot;bt_bb_align_&quot;:{&quot;current_class&quot;:&quot;bt_bb_align_inherit&quot;,&quot;xl&quot;:&quot;inherit&quot;}}\"><span  data-ico-fontawesome5solid=\"&#xf3c5;\" class=\"bt_bb_icon_holder\"><span>Ferhatpa\u015fa Mahallesi, 14.Sokak, No:69\/1 Ata\u015fehir, \u0130stanbul - T\u00dcRK\u0130YE<\/span><\/span><\/div><div class=\"bt_bb_separator bt_bb_bottom_spacing_10 bt_bb_border_style_none\"><\/div><div class=\"bt_bb_icon bt_bb_color_scheme_7 bt_bb_style_borderless bt_bb_size_small bt_bb_shape_circle bt_bb_align_inherit\" data-bt-override-class=\"{&quot;bt_bb_size_&quot;:{&quot;current_class&quot;:&quot;bt_bb_size_small&quot;,&quot;xl&quot;:&quot;small&quot;},&quot;bt_bb_align_&quot;:{&quot;current_class&quot;:&quot;bt_bb_align_inherit&quot;,&quot;xl&quot;:&quot;inherit&quot;}}\"><a href=\"tel:02165404347\"  target=\"_self\"  title=\"0216 540 43 47\"  data-ico-fontawesome5solid=\"&#xf095;\" class=\"bt_bb_icon_holder\"><span>0216 540 43 47<\/span><\/a><\/div><div class=\"bt_bb_separator bt_bb_bottom_spacing_10 bt_bb_border_style_none\"><\/div><div class=\"bt_bb_icon bt_bb_color_scheme_7 bt_bb_style_borderless bt_bb_size_small bt_bb_shape_circle bt_bb_align_inherit\" data-bt-override-class=\"{&quot;bt_bb_size_&quot;:{&quot;current_class&quot;:&quot;bt_bb_size_small&quot;,&quot;xl&quot;:&quot;small&quot;},&quot;bt_bb_align_&quot;:{&quot;current_class&quot;:&quot;bt_bb_align_inherit&quot;,&quot;xl&quot;:&quot;inherit&quot;}}\"><a href=\"mailto:gundogdu@gundogdultd.com.tr\"  target=\"_self\"  title=\"gundogdu@gundogdultd.com.tr\"  data-ico-fontawesome5solid=\"&#xf1d8;\" class=\"bt_bb_icon_holder\"><span>gundogdu@gundogdultd.com.tr<\/span><\/a><\/div><div class=\"bt_bb_separator bt_bb_bottom_spacing_30 bt_bb_border_style_none\"><\/div><div class=\"bt_bb_separator bt_bb_bottom_spacing_50 bt_bb_border_style_none bt_bb_hidden_xs bt_bb_hidden_ms bt_bb_hidden_sm\"><\/div><div class=\"bt_bb_separator bt_bb_bottom_spacing_50 bt_bb_border_style_none\"><\/div><\/div><\/div><\/div><\/div><\/div><\/div><\/div><\/div><div class=\"bt_bb_section_bottom_section_coverage_image\"><img src=\"https:\/\/gundogdultd.com.tr\/wp-content\/uploads\/2020\/09\/bgn-map-bottom.png\" alt=\"bt_bb_section_bottom_section_coverage_image\" \/><\/div><\/section><\/div>","protected":false},"excerpt":{"rendered":"","protected":false},"author":2,"featured_media":759,"parent":0,"menu_order":0,"comment_status":"closed","ping_status":"closed","template":"","meta":[],"_links":{"self":[{"href":"https:\/\/gundogdultd.com.tr\/en\/wp-json\/wp\/v2\/pages\/134"}],"collection":[{"href":"https:\/\/gundogdultd.com.tr\/en\/wp-json\/wp\/v2\/pages"}],"about":[{"href":"https:\/\/gundogdultd.com.tr\/en\/wp-json\/wp\/v2\/types\/page"}],"author":[{"embeddable":true,"href":"https:\/\/gundogdultd.com.tr\/en\/wp-json\/wp\/v2\/users\/2"}],"replies":[{"embeddable":true,"href":"https:\/\/gundogdultd.com.tr\/en\/wp-json\/wp\/v2\/comments?post=134"}],"version-history":[{"count":9,"href":"https:\/\/gundogdultd.com.tr\/en\/wp-json\/wp\/v2\/pages\/134\/revisions"}],"predecessor-version":[{"id":1986,"href":"https:\/\/gundogdultd.com.tr\/en\/wp-json\/wp\/v2\/pages\/134\/revisions\/1986"}],"wp:featuredmedia":[{"embeddable":true,"href":"https:\/\/gundogdultd.com.tr\/en\/wp-json\/wp\/v2\/media\/759"}],"wp:attachment":[{"href":"https:\/\/gundogdultd.com.tr\/en\/wp-json\/wp\/v2\/media?parent=134"}],"curies":[{"name":"wp","href":"https:\/\/api.w.org\/{rel}","templated":true}]}}