{"id":1287,"date":"2021-03-24T10:16:37","date_gmt":"2021-03-24T10:16:37","guid":{"rendered":"http:\/\/gundogdultd.com.tr\/?page_id=1287"},"modified":"2023-04-13T09:26:51","modified_gmt":"2023-04-13T09:26:51","slug":"current-projects","status":"publish","type":"page","link":"https:\/\/gundogdultd.com.tr\/en\/current-projects\/","title":{"rendered":"Current Projects"},"content":{"rendered":"<div class=\"bt_bb_wrapper\"><section id=\"bt_bb_section69f36697a4010\"  class=\"bt_bb_section bt_bb_top_spacing_100 bt_bb_bottom_spacing_100 bt_bb_layout_boxed_1200 bt_bb_vertical_align_top bt_bb_section_allow_content_outside bt_bb_section_with_bottom_coverage_image\" style=\"z-index: 1;;background-color:#f5f5f5;\"><div class=\"bt_bb_port\"><div class=\"bt_bb_cell\"><div class=\"bt_bb_cell_inner\"><div class=\"bt_bb_row_wrapper\"><div  class=\"bt_bb_row bt_bb_column_gap_0\" ><div  class=\"bt_bb_column col-xl-12 col-xs-12 col-sm-12 col-md-12 col-lg-12 bt_bb_align_left bt_bb_vertical_align_middle bt_bb_padding_40\"  data-width=\"12\" data-bt-override-class=\"{&quot;bt_bb_align_&quot;:{&quot;current_class&quot;:&quot;bt_bb_align_left&quot;,&quot;xl&quot;:&quot;left&quot;}}\"><div class=\"bt_bb_column_content\"><div class=\"bt_bb_column_content_inner\"><header class=\"bt_bb_headline bt_bb_dash_none bt_bb_size_large bt_bb_align_inherit\" data-bt-override-class=\"{&quot;bt_bb_size_&quot;:{&quot;current_class&quot;:&quot;bt_bb_size_large&quot;,&quot;xl&quot;:&quot;large&quot;},&quot;bt_bb_align_&quot;:{&quot;current_class&quot;:&quot;bt_bb_align_inherit&quot;,&quot;xl&quot;:&quot;inherit&quot;}}\"><h2 class=\"bt_bb_headline_tag\"><span class=\"bt_bb_headline_content\"><span><u>Current Projects<\/u><\/span><\/span><\/h2><\/header><div class=\"bt_bb_separator bt_bb_bottom_spacing_medium bt_bb_border_style_none\"><\/div><div  class=\"bt_bb_row_inner\" ><div  class=\"bt_bb_column_inner col-xl-12 col-xs-12 col-sm-12 col-md-12 col-lg-12 bt_bb_align_left bt_bb_vertical_align_top\"  data-width=\"12\" data-bt-override-class=\"{}\"><div class=\"bt_bb_column_inner_content\"><div  class=\"bt_bb_text\" ><table border=\"0\" width=\"1080\" cellspacing=\"0\" cellpadding=\"0\">\n<colgroup>\n<col width=\"396\" \/>\n<col width=\"684\" \/><\/colgroup>\n<tbody>\n<tr>\n<td class=\"xl65\" style=\"text-align: center;\" width=\"396\" height=\"51\"><strong>COMPANY NAME<\/strong><\/td>\n<td class=\"xl66\" style=\"text-align: center;\" width=\"684\"><strong>PROJECT DETAIL<\/strong><\/td>\n<\/tr>\n<tr>\n<td class=\"xl67\" height=\"45\">YAPI MERKEZ\u0130 \u0130N\u015eAAT VE SANAY\u0130 A.\u015e.<\/td>\n<td class=\"xl68\" width=\"684\">MACAR\u0130STAN DEBRECEN B\u00d6LGES\u0130 BMW ARA\u00c7 FABR\u0130KASI B\u0130NA- BETONARME \u0130\u015eLER\u0130<\/td>\n<\/tr>\n<tr>\n<td class=\"xl67\" height=\"45\">YAPI MERKEZ\u0130 \u0130N\u015eAAT VE SANAY\u0130 A.\u015e.<\/td>\n<td class=\"xl68\" width=\"684\">TANZANYA B\u0130RLE\u015e\u0130K CUMHUR\u0130YET\u0130NDE MOROGORO-MAKUTUPORA ARASINDA MEVCUT METR\u0130K HATTA PARALEL STANDART KES\u0130T DEM\u0130RYOLU HATTI \u0130N\u015eAATI<\/td>\n<\/tr>\n<tr>\n<td class=\"xl67\" height=\"45\">YAPI MERKEZ\u0130 \u0130N\u015eAAT VE SANAY\u0130 A.\u015e.<\/td>\n<td class=\"xl68\" width=\"684\">MAKUTUPORO- TABORA ARASINDA MEVCUT METR\u0130K HATTA PARALEL STANDART DEM\u0130RYOLU HATTI \u0130N\u015eAATI KM 785+000-829+305 ARASI SANAT YAPILARI \u0130\u015e\u0130<\/td>\n<\/tr>\n<tr>\n<td class=\"xl67\" height=\"63\">YAPI MERKEZ\u0130 \u0130N\u015eAAT VE SANAY\u0130 A.\u015e.<\/td>\n<td class=\"xl68\" width=\"684\">TANZANYA B\u0130RLE\u015e\u0130K CUMHUR\u0130YET\u0130NDE MOROGORO-MAKUTUPORA ARASINDA MEVCUT METR\u0130K HATTA PARALEL STANDART KES\u0130T DEM\u0130RYOLU HATTI \u0130N\u015eAATI- TRC HEADQUARTER B\u0130NA YAPIMI<\/td>\n<\/tr>\n<\/tbody>\n<\/table>\n<\/div><div class=\"bt_bb_separator bt_bb_bottom_spacing_normal bt_bb_border_style_none bt_bb_hidden_md bt_bb_hidden_lg\"><\/div><\/div><\/div><\/div><\/div><\/div><\/div><\/div><\/div><\/div><\/div><\/div><div class=\"bt_bb_section_bottom_section_coverage_image\"><img src=\"https:\/\/gundogdultd.com.tr\/wp-content\/uploads\/2020\/09\/white-curve-bottom-right-with-hexagon-wide.png\" alt=\"bt_bb_section_bottom_section_coverage_image\" \/><\/div><\/section><\/div>","protected":false},"excerpt":{"rendered":"","protected":false},"author":1,"featured_media":0,"parent":0,"menu_order":0,"comment_status":"closed","ping_status":"closed","template":"","meta":[],"_links":{"self":[{"href":"https:\/\/gundogdultd.com.tr\/en\/wp-json\/wp\/v2\/pages\/1287"}],"collection":[{"href":"https:\/\/gundogdultd.com.tr\/en\/wp-json\/wp\/v2\/pages"}],"about":[{"href":"https:\/\/gundogdultd.com.tr\/en\/wp-json\/wp\/v2\/types\/page"}],"author":[{"embeddable":true,"href":"https:\/\/gundogdultd.com.tr\/en\/wp-json\/wp\/v2\/users\/1"}],"replies":[{"embeddable":true,"href":"https:\/\/gundogdultd.com.tr\/en\/wp-json\/wp\/v2\/comments?post=1287"}],"version-history":[{"count":9,"href":"https:\/\/gundogdultd.com.tr\/en\/wp-json\/wp\/v2\/pages\/1287\/revisions"}],"predecessor-version":[{"id":2050,"href":"https:\/\/gundogdultd.com.tr\/en\/wp-json\/wp\/v2\/pages\/1287\/revisions\/2050"}],"wp:attachment":[{"href":"https:\/\/gundogdultd.com.tr\/en\/wp-json\/wp\/v2\/media?parent=1287"}],"curies":[{"name":"wp","href":"https:\/\/api.w.org\/{rel}","templated":true}]}}