{"id":1280,"date":"2021-03-24T10:13:23","date_gmt":"2021-03-24T10:13:23","guid":{"rendered":"http:\/\/gundogdultd.com.tr\/?page_id=1280"},"modified":"2023-04-13T09:23:55","modified_gmt":"2023-04-13T09:23:55","slug":"completed-projects","status":"publish","type":"page","link":"https:\/\/gundogdultd.com.tr\/en\/completed-projects\/","title":{"rendered":"Completed Projects"},"content":{"rendered":"<div class=\"bt_bb_wrapper\"><section id=\"bt_bb_section69f3669e49951\"  class=\"bt_bb_section bt_bb_top_spacing_100 bt_bb_bottom_spacing_100 bt_bb_layout_boxed_1200 bt_bb_vertical_align_top bt_bb_section_allow_content_outside bt_bb_section_with_bottom_coverage_image\" style=\"z-index: 1;;background-color:#f5f5f5;\"><div class=\"bt_bb_port\"><div class=\"bt_bb_cell\"><div class=\"bt_bb_cell_inner\"><div class=\"bt_bb_row_wrapper\"><div  class=\"bt_bb_row bt_bb_column_gap_0\" ><div  class=\"bt_bb_column col-xl-12 col-xs-12 col-sm-12 col-md-12 col-lg-12 bt_bb_align_left bt_bb_vertical_align_middle bt_bb_padding_40\"  data-width=\"12\" data-bt-override-class=\"{&quot;bt_bb_align_&quot;:{&quot;current_class&quot;:&quot;bt_bb_align_left&quot;,&quot;xl&quot;:&quot;left&quot;}}\"><div class=\"bt_bb_column_content\"><div class=\"bt_bb_column_content_inner\"><header class=\"bt_bb_headline bt_bb_dash_none bt_bb_size_large bt_bb_align_inherit\" data-bt-override-class=\"{&quot;bt_bb_size_&quot;:{&quot;current_class&quot;:&quot;bt_bb_size_large&quot;,&quot;xl&quot;:&quot;large&quot;},&quot;bt_bb_align_&quot;:{&quot;current_class&quot;:&quot;bt_bb_align_inherit&quot;,&quot;xl&quot;:&quot;inherit&quot;}}\"><h2 class=\"bt_bb_headline_tag\"><span class=\"bt_bb_headline_content\"><span><u>Completed Projects<\/u><\/span><\/span><\/h2><\/header><div class=\"bt_bb_separator bt_bb_bottom_spacing_medium bt_bb_border_style_none\"><\/div><div  class=\"bt_bb_row_inner\" ><div  class=\"bt_bb_column_inner col-xl-12 col-xs-12 col-sm-12 col-md-12 col-lg-12 bt_bb_align_left bt_bb_vertical_align_top\"  data-width=\"12\" data-bt-override-class=\"{}\"><div class=\"bt_bb_column_inner_content\"><div  class=\"bt_bb_text\" ><table border=\"0\" width=\"1045\" cellspacing=\"0\" cellpadding=\"0\">\n<colgroup>\n<col width=\"428\" \/>\n<col width=\"617\" \/><\/colgroup>\n<tbody>\n<tr>\n<td class=\"xl65\" style=\"text-align: center;\" width=\"428\" height=\"47\"><strong>WORK EMPLOYER<\/strong><\/td>\n<td class=\"xl65\" style=\"text-align: center;\" width=\"617\"><strong>PROJECT NAME<\/strong><\/td>\n<\/tr>\n<tr>\n<td class=\"xl66\" height=\"40\">YAPI MERKEZ\u0130 \u0130N\u015eAAT VE SANAY\u0130 A.\u015e.<\/td>\n<td class=\"xl67\" width=\"617\">HIZLI TREN HATTI OTOPARK KABA \u0130N\u015eAATI \u0130\u015e\u0130 (MED\u0130NE)<\/td>\n<\/tr>\n<tr>\n<td class=\"xl68\" height=\"40\">YAPI MERKEZ\u0130 \u0130N\u015eAAT VE SANAY\u0130 A.\u015e.<\/td>\n<td class=\"xl69\" width=\"617\">HIZLI TREN HATTI \u0130\u015e\u0130 B\u00dcNYES\u0130NDE \u00c7E\u015e\u0130TL\u0130 \u015eAP \u0130\u015eLER\u0130 ( MED\u0130NE)<\/td>\n<\/tr>\n<tr>\n<td class=\"xl68\" height=\"40\">YAPI MERKEZ\u0130 \u0130N\u015eAAT VE SANAY\u0130 A.\u015e.<\/td>\n<td class=\"xl69\" width=\"617\">HIZLI TREN HATTI \u0130\u015e\u0130 B\u00dcNYES\u0130NDE ALT YAPI MENHOLLER\u0130 \u0130MALATLARI (MED\u0130NE)<\/td>\n<\/tr>\n<tr>\n<td class=\"xl68\" height=\"40\">YAPI MERKEZ\u0130 \u0130N\u015eAAT VE SANAY\u0130 A.\u015e.<\/td>\n<td class=\"xl69\" width=\"617\">HIZLI TREN HATTI \u0130TFA\u0130YE B\u0130NASI KABA \u0130N\u015eAATI \u0130\u015e\u0130 (MED\u0130NE)<\/td>\n<\/tr>\n<tr>\n<td class=\"xl68\" height=\"40\">YAPI MERKEZ\u0130 \u0130N\u015eAAT VE SANAY\u0130 A.\u015e.<\/td>\n<td class=\"xl70\" width=\"617\">SET\u0130F TRAMWAY PROJES\u0130 &#8211; 1. HAT YAPIM \u0130\u015e\u0130<\/td>\n<\/tr>\n<tr>\n<td class=\"xl68\" height=\"40\">YAPI MERKEZ\u0130 \u0130N\u015eAAT VE SANAY\u0130 A. \u015e.<\/td>\n<td class=\"xl71\" width=\"617\">SIDI BEL ABBES TRAMWAY PROJES\u0130<\/td>\n<\/tr>\n<tr>\n<td class=\"xl68\" height=\"40\">YAPI MERKEZ\u0130 \u0130N\u015eAAT VE SANAY\u0130 A.\u015e.<\/td>\n<td class=\"xl69\" width=\"617\">MARMARA FORUM AVM ALT YAPI \u0130\u015e\u0130<\/td>\n<\/tr>\n<tr>\n<td class=\"xl68\" height=\"40\">YAPI MERKEZ\u0130 \u0130N\u015eAAT VE SANAY\u0130 A.\u015e.<\/td>\n<td class=\"xl69\" width=\"617\">ESK\u0130\u015eEH\u0130R \u015e\u0130\u015eECAM FABR\u0130KASI ALT YAPI VE HAFR\u0130YAT \u0130\u015e\u0130<\/td>\n<\/tr>\n<tr>\n<td class=\"xl69\" width=\"428\" height=\"45\">YAPIRAY DEM\u0130RYOLU \u0130N\u015eAAT S\u0130STEMLER\u0130 SAN. T\u0130C. A.\u015e<\/td>\n<td class=\"xl69\" width=\"617\">GAYRETTEPE \u0130STANBUL YEN\u0130 HAVAL\u0130MANI METRO \u0130N\u015eAATI KAPSAMINDA FAZ1 VE FAZ2 F\u0130BERL\u0130 DOLGU BETONU D\u00d6K\u00dcLMES\u0130 \u0130\u015e\u0130<\/td>\n<\/tr>\n<tr>\n<td class=\"xl68\" height=\"40\">YAPI MERKEZ\u0130 \u0130N\u015eAAT VE SANAY\u0130 A.\u015e.<\/td>\n<td class=\"xl69\" width=\"617\">ESK\u0130\u015eEH\u0130R \u015e\u0130\u015eECAM FABR\u0130KASI BASKI TES\u0130S\u0130 ALT YAPI VE HAFR\u0130YAT \u0130\u015e\u0130<\/td>\n<\/tr>\n<tr>\n<td class=\"xl68\" height=\"40\">YAPI MERKEZ\u0130 \u0130N\u015eAAT VE SANAY\u0130 A.\u015e.<\/td>\n<td class=\"xl69\" width=\"617\">ESK\u0130\u015eEH\u0130R \u015e\u0130\u015eECAM FABR\u0130KASI ALTYAPI,KAROT VE ANKRAJ \u0130\u015eLER\u0130<\/td>\n<\/tr>\n<tr>\n<td class=\"xl68\" height=\"40\">YAPI MERKEZ\u0130 \u0130N\u015eAAT VE SANAY\u0130 A.\u015e.<\/td>\n<td class=\"xl69\" width=\"617\">SOKULLU KONA\u011eI ALTYAPI VE RESTORASYON \u0130\u015e\u0130<\/td>\n<\/tr>\n<tr>\n<td class=\"xl68\" height=\"40\">IC \u0130\u00c7TA\u015e \u0130N\u015eAAT SAN. VE T\u0130C. A.\u015e.<\/td>\n<td class=\"xl69\" width=\"617\">BOMONT\u0130 ULUSLARARASI KONGRE MERKEZ\u0130 ALT YAPI \u0130\u015e\u0130<\/td>\n<\/tr>\n<tr>\n<td class=\"xl69\" width=\"428\" height=\"40\">GED\u0130ZLER YAPI OTOM.T\u0130C. VE SAN.A.\u015e.<\/td>\n<td class=\"xl69\" width=\"617\">SANCAKTEPE EV&#8217;RE GED\u0130ZLER KONUT PROJES\u0130 ALTYAPI \u0130\u015e\u0130<\/td>\n<\/tr>\n<tr>\n<td class=\"xl72\" height=\"40\">ICA \u0130\u00c7TA\u015e-ASTALD\u0130 AD\u0130 ORTAKLI\u011eI<\/td>\n<td class=\"xl70\" width=\"617\">KUZEY MARMARA (3.BO\u011eAZ K\u00d6PR\u00dcS\u00dc DAH\u0130L) OTOYOLU PROJES\u0130<\/td>\n<\/tr>\n<tr>\n<td class=\"xl69\" width=\"428\" height=\"40\">GED\u0130ZLER YAPI OTOM.T\u0130C. VE SANAY\u0130 A.\u015e.<\/td>\n<td class=\"xl69\" width=\"617\">SANCAKTEPE EV&#8217;RE 2 GED\u0130ZLER KONUT PROJES\u0130 ALTYAPI \u0130\u015e\u0130<\/td>\n<\/tr>\n<tr>\n<td class=\"xl69\" width=\"428\" height=\"40\">\u0130C \u0130\u00c7TA\u015e \u0130N\u015eAAT SAN.VE T\u0130C. A.\u015e.<\/td>\n<td class=\"xl70\" width=\"617\">AVRUPA VE ASYA YAKASI D\u0130NLENME TES\u0130SLER\u0130 BORD\u00dcR UYGULAMA \u0130\u015e\u0130<\/td>\n<\/tr>\n<tr>\n<td class=\"xl69\" width=\"428\" height=\"40\">GARANT\u0130 ULUSLARARASI \u0130N\u015e. VE TAAH.LDT.\u015eT\u0130.<\/td>\n<td class=\"xl70\" width=\"617\">G\u00dc\u00c7LEND\u0130RME VE KABA \u0130N\u015eAAT<\/td>\n<\/tr>\n<tr>\n<td class=\"xl69\" width=\"428\" height=\"40\">TEKN\u0130K YAPI TEKN\u0130K YAPILAR SAN. VE T\u0130C. A.\u015e.<\/td>\n<td class=\"xl69\" width=\"617\">EVORA PARK PROJES\u0130 ALT YAPI \u0130\u015e\u0130<\/td>\n<\/tr>\n<tr>\n<td class=\"xl68\" height=\"40\">AKT\u00dcRK YAPI END\u00dcSTR\u0130 VE T\u0130C. A.\u015e.<\/td>\n<td class=\"xl69\" width=\"617\">ZORLU CENTER PROJES\u0130 \u015eAP D\u00d6K\u00dcM \u0130\u015e\u0130<\/td>\n<\/tr>\n<tr>\n<td class=\"xl68\" height=\"40\">N\u0130DA \u0130N\u015eAAT VE TUR\u0130ZM A.\u015e.<\/td>\n<td class=\"xl70\" width=\"617\">3334 ADA 5 PARSEL &#8211; 3331 ADA 6 PARSEL ALTYAPI \u0130\u015eLER\u0130<\/td>\n<\/tr>\n<tr>\n<td class=\"xl69\" width=\"428\" height=\"40\">TEKN\u0130K YAPI TEKN\u0130K YAPILAR SAN. VE T\u0130C. A.\u015e.<\/td>\n<td class=\"xl69\" width=\"617\">DELUX\u0130A PALACE PROJES\u0130 \u015eAP \u0130\u015eLER\u0130<\/td>\n<\/tr>\n<tr>\n<td class=\"xl68\" height=\"40\">TA\u0130SE\u0130 CORPORATION<\/td>\n<td class=\"xl69\" width=\"617\">MARMARAY BETON TRA\u015eLAMA \u0130\u015e\u0130<\/td>\n<\/tr>\n<tr>\n<td class=\"xl68\" height=\"40\">YDA \u0130N\u015eAAT SAN. VE T\u0130C. A.\u015e.<\/td>\n<td class=\"xl69\" width=\"617\">HABOM \u015eANT\u0130YES\u0130 ALTYAPI \u0130\u015e\u0130<\/td>\n<\/tr>\n<tr>\n<td class=\"xl68\" height=\"40\">CO\u015eKUN ET A.\u015e.<\/td>\n<td class=\"xl69\" width=\"617\">FABR\u0130KA EK B\u0130NALARI YAPIM \u0130\u015e\u0130<\/td>\n<\/tr>\n<tr>\n<td class=\"xl69\" width=\"428\" height=\"40\">DO\u011eA MADENC\u0130L\u0130K END.\u0130N\u015e.VE T\u0130C. A.\u015e.<\/td>\n<td class=\"xl70\" width=\"617\">DO\u011eA LOJ\u0130ST\u0130K MERKEZ \u015eEKERPINAR PROJES\u0130 ALT YAPI \u0130\u015eLER\u0130<\/td>\n<\/tr>\n<tr>\n<td class=\"xl69\" width=\"428\" height=\"40\">TEKN\u0130K YAPI TEKN\u0130K YAPILAR SAN. VE T\u0130C. A.\u015e.<\/td>\n<td class=\"xl69\" width=\"617\">UPC\u0130TY RES\u0130DENCE PROJES\u0130 \u015eAP \u0130\u015eLER\u0130<\/td>\n<\/tr>\n<tr>\n<td class=\"xl68\" height=\"40\">\u0130CA CONSTRUCT\u0130ON<\/td>\n<td class=\"xl69\" width=\"617\">3.K\u00d6PR\u00dc GAR\u0130P\u00c7E \u015eANT\u0130YES\u0130 ALT YAPI VE \u00c7EVRE D\u00dcZENLEME \u0130\u015e\u0130<\/td>\n<\/tr>\n<tr>\n<td class=\"xl69\" width=\"428\" height=\"40\">TEKN\u0130K YAPI TEKN\u0130K YAPILAR SAN. VE T\u0130C. A.\u015e.<\/td>\n<td class=\"xl69\" width=\"617\">DELUX\u0130A SU\u0130TES PROJES\u0130 \u015eAP \u0130\u015eLER\u0130<\/td>\n<\/tr>\n<tr>\n<td class=\"xl72\" height=\"40\">ERGUVAN TEKN\u0130K GRUP \u0130N\u015eAAT A. \u015e.<\/td>\n<td class=\"xl71\" width=\"617\">ATA\u015eEH\u0130R K\u00dc\u00c7\u00dcKBAKKALK\u00d6Y MAH. 231 PAFTA 1918 ADA 2 PARSEL KONUT \u0130N\u015eAAT \u0130\u015eLER\u0130<\/td>\n<\/tr>\n<tr>\n<td class=\"xl68\" height=\"40\">N\u0130DA \u0130N\u015eAAT VE TUR\u0130ZM A.\u015e.<\/td>\n<td class=\"xl70\" width=\"617\">SEYRANTEPE PROJES\u0130<\/td>\n<\/tr>\n<tr>\n<td class=\"xl68\" height=\"40\">N\u0130DA \u0130N\u015eAAT VE TUR\u0130ZM A.\u015e.<\/td>\n<td class=\"xl69\" width=\"617\">3332 ADA 23 PARSEL OKUL VE SPOR SALONU ALTYAPI \u0130\u015e\u0130<\/td>\n<\/tr>\n<tr>\n<td class=\"xl69\" width=\"428\" height=\"40\">TEKN\u0130K YAPI TEKN\u0130K YAPILAR SAN. VE T\u0130C. A.\u015e.<\/td>\n<td class=\"xl69\" width=\"617\">DELUX\u0130A PALACE PROJES\u0130 ALT YAPI \u0130\u015e\u0130<\/td>\n<\/tr>\n<tr>\n<td class=\"xl69\" width=\"428\" height=\"40\">TEKN\u0130K YAPI TEKN\u0130K YAPILAR SAN. VE T\u0130C. A.\u015e.<\/td>\n<td class=\"xl69\" width=\"617\">UPC\u0130TY FLATS PROJES\u0130 \u015eAP \u0130\u015eLER\u0130<\/td>\n<\/tr>\n<tr>\n<td class=\"xl68\" height=\"40\">N\u0130DA \u0130N\u015eAAT VE TUR\u0130ZM A.\u015e.<\/td>\n<td class=\"xl69\" width=\"617\">3334 ADA 5 PARSEL &#8211; 3331 ADA 6 PARSEL TEMEL DRENAJ \u0130\u015eLER\u0130<\/td>\n<\/tr>\n<tr>\n<td class=\"xl69\" width=\"428\" height=\"40\">TEKN\u0130K YAPI TEKN\u0130K YAPILAR SAN. VE T\u0130C. A.\u015e.<\/td>\n<td class=\"xl69\" width=\"617\">S\u0130M APT. PROJES\u0130 \u015eAP \u0130\u015eLER\u0130<\/td>\n<\/tr>\n<tr>\n<td class=\"xl69\" width=\"428\" height=\"40\">TEKN\u0130K YAPI TEKN\u0130K YAPILAR SAN. VE T\u0130C. A.\u015e.<\/td>\n<td class=\"xl73\" width=\"617\">DELUX\u0130A SU\u0130TES PROJES\u0130 ALT YAPI \u0130\u015e\u0130<\/td>\n<\/tr>\n<\/tbody>\n<\/table>\n<\/div><div class=\"bt_bb_separator bt_bb_bottom_spacing_normal bt_bb_border_style_none bt_bb_hidden_md bt_bb_hidden_lg\"><\/div><\/div><\/div><\/div><\/div><\/div><\/div><\/div><\/div><\/div><\/div><\/div><div class=\"bt_bb_section_bottom_section_coverage_image\"><img src=\"https:\/\/gundogdultd.com.tr\/wp-content\/uploads\/2020\/09\/white-curve-bottom-right-with-hexagon-wide.png\" alt=\"bt_bb_section_bottom_section_coverage_image\" \/><\/div><\/section><\/div>","protected":false},"excerpt":{"rendered":"","protected":false},"author":1,"featured_media":0,"parent":0,"menu_order":0,"comment_status":"closed","ping_status":"closed","template":"","meta":[],"_links":{"self":[{"href":"https:\/\/gundogdultd.com.tr\/en\/wp-json\/wp\/v2\/pages\/1280"}],"collection":[{"href":"https:\/\/gundogdultd.com.tr\/en\/wp-json\/wp\/v2\/pages"}],"about":[{"href":"https:\/\/gundogdultd.com.tr\/en\/wp-json\/wp\/v2\/types\/page"}],"author":[{"embeddable":true,"href":"https:\/\/gundogdultd.com.tr\/en\/wp-json\/wp\/v2\/users\/1"}],"replies":[{"embeddable":true,"href":"https:\/\/gundogdultd.com.tr\/en\/wp-json\/wp\/v2\/comments?post=1280"}],"version-history":[{"count":11,"href":"https:\/\/gundogdultd.com.tr\/en\/wp-json\/wp\/v2\/pages\/1280\/revisions"}],"predecessor-version":[{"id":2049,"href":"https:\/\/gundogdultd.com.tr\/en\/wp-json\/wp\/v2\/pages\/1280\/revisions\/2049"}],"wp:attachment":[{"href":"https:\/\/gundogdultd.com.tr\/en\/wp-json\/wp\/v2\/media?parent=1280"}],"curies":[{"name":"wp","href":"https:\/\/api.w.org\/{rel}","templated":true}]}}